{"id":1488,"date":"2023-03-23T10:18:37","date_gmt":"2023-03-23T10:18:37","guid":{"rendered":"https:\/\/auto-ecole-nevers.com\/?page_id=1488"},"modified":"2023-07-07T15:48:29","modified_gmt":"2023-07-07T15:48:29","slug":"administratif","status":"publish","type":"page","link":"https:\/\/auto-ecole-nevers.com\/?page_id=1488","title":{"rendered":"Administratif"},"content":{"rendered":"<p>[vc_row css=\u00a0\u00bb.vc_custom_1678722370488{margin-bottom: 20px !important;}\u00a0\u00bb][vc_column]<div id=\"ultimate-heading-543869e5e327b9b3e\" class=\"uvc-heading ult-adjust-bottom-margin ultimate-heading-543869e5e327b9b3e uvc-3317 accent-border-color uvc-heading-default-font-sizes\" data-hspacer=\"line_only\"  data-halign=\"left\" style=\"text-align:left\"><div class=\"uvc-main-heading ult-responsive\"  data-ultimate-target='.uvc-heading.ultimate-heading-543869e5e327b9b3e h2'  data-responsive-json-new='{\"font-size\":\"\",\"line-height\":\"\"}' ><h2 style=\"--font-weight:theme;\">Documents \u00e0 fournir pour les d\u00e9marches administratives<\/h2><\/div><div class=\"uvc-heading-spacer line_only\" style=\"topheight:4px;\"><span class=\"uvc-headings-line\" style=\"border-style:solid;border-bottom-width:4px;border-color:#f6f7f7;width:50px;\"><\/span><\/div><\/div>[\/vc_column][\/vc_row][vc_row][vc_column][vc_tta_accordion][vc_tta_section title=\u00a0\u00bbPermis B en Conduite Accompagn\u00e9e\u00a0\u00bb tab_id=\u00a0\u00bb1679566790792-91738db4-40d1&Prime;][vc_column_text]<\/p>\n<ul>\n<li>Photocopie recto-verso de la pi\u00e8ce d&rsquo;identit\u00e9 ou du passeport en cours de validit\u00e9 ou p\u00e9rim\u00e9 de moins de deux ans;<\/li>\n<li>Photocopie ASSR de Niveau 1 ou 2 (Attestation Scolaire de S\u00e9curit\u00e9 Routi\u00e8re) ou ASR (Attestation de S\u00e9curit\u00e9 routi\u00e8re);<\/li>\n<li>Photocopie de l&rsquo;Attestation de recensement pour les jeunes de 16 ans uniquement;<\/li>\n<li>Photocopie du certificat de participation \u00e0 la journ\u00e9e d\u00e9fense et citoyennet\u00e9 (\u00e0 partir de 17 ans r\u00e9volus jusqu&rsquo;\u00e0 25 ans);<\/li>\n<li>E-photo (photos agr\u00e9\u00e9es ANTS) avec code valable 6 mois (le visage et les oreilles doivent \u00eatre compl\u00e8tement visibles);<\/li>\n<li>Adresse mail et num\u00e9ro de t\u00e9l\u00e9phone du candidat<\/li>\n<li>\u00c9valuation de d\u00e9part (exemplaire auto-\u00e9cole) sign\u00e9 par le candidat et un repr\u00e9sentant l\u00e9gal<\/li>\n<\/ul>\n<p>Pour les personnes h\u00e9berg\u00e9es :<\/p>\n<ul>\n<li>Pi\u00e8ce d&rsquo;identit\u00e9 de la personne qui h\u00e9berge<\/li>\n<li>Justificatif de domicile au nom de l&rsquo;h\u00e9bergeant de moins de 6 mois (facture de t\u00e9l\u00e9phone ou dernier avis d&rsquo;imp\u00f4ts sur le revenu)<\/li>\n<li>Attestation d&rsquo;h\u00e9bergement au nom de l&rsquo;h\u00e9bergeant<\/li>\n<\/ul>\n<p>[\/vc_column_text][\/vc_tta_section][vc_tta_section title=\u00a0\u00bbSection 2&Prime; tab_id=\u00a0\u00bb1679566790797-81691590-f2ef\u00a0\u00bb][\/vc_tta_section][\/vc_tta_accordion][\/vc_column][\/vc_row][vc_row][vc_column][vc_btn title=\u00a0\u00bbR\u00e8glement Int\u00e9rieur\u00a0\u00bb link=\u00a0\u00bburl:https%3A%2F%2Fauto-ecole-nevers.com%2Fwp-content%2Fuploads%2F2023%2F06%2FReglement-Interieur.pdf|target:_blank\u00a0\u00bb][\/vc_column][\/vc_row]<\/p>\n","protected":false},"excerpt":{"rendered":"<p>[vc_row css=\u00a0\u00bb.vc_custom_1678722370488{margin-bottom: 20px !important;}\u00a0\u00bb][vc_column][\/vc_column][\/vc_row][vc_row][vc_column][vc_tta_accordion][vc_tta_section title=\u00a0\u00bbPermis B en Conduite Accompagn\u00e9e\u00a0\u00bb tab_id=\u00a0\u00bb1679566790792-91738db4-40d1&Prime;][vc_column_text] Photocopie recto-verso de la pi\u00e8ce d&rsquo;identit\u00e9 ou du passeport en cours de validit\u00e9 ou p\u00e9rim\u00e9 de moins de deux ans; Photocopie ASSR de Niveau 1 ou 2 (Attestation Scolaire de S\u00e9curit\u00e9 Routi\u00e8re) ou ASR (Attestation de S\u00e9curit\u00e9 routi\u00e8re); Photocopie de l&rsquo;Attestation de recensement pour les&hellip;<\/p>\n","protected":false},"author":1,"featured_media":0,"parent":0,"menu_order":0,"comment_status":"closed","ping_status":"closed","template":"","meta":{"footnotes":""},"class_list":["post-1488","page","type-page","status-publish","hentry","description-off"],"aioseo_notices":[],"_links":{"self":[{"href":"https:\/\/auto-ecole-nevers.com\/index.php?rest_route=\/wp\/v2\/pages\/1488","targetHints":{"allow":["GET"]}}],"collection":[{"href":"https:\/\/auto-ecole-nevers.com\/index.php?rest_route=\/wp\/v2\/pages"}],"about":[{"href":"https:\/\/auto-ecole-nevers.com\/index.php?rest_route=\/wp\/v2\/types\/page"}],"author":[{"embeddable":true,"href":"https:\/\/auto-ecole-nevers.com\/index.php?rest_route=\/wp\/v2\/users\/1"}],"replies":[{"embeddable":true,"href":"https:\/\/auto-ecole-nevers.com\/index.php?rest_route=%2Fwp%2Fv2%2Fcomments&post=1488"}],"version-history":[{"count":8,"href":"https:\/\/auto-ecole-nevers.com\/index.php?rest_route=\/wp\/v2\/pages\/1488\/revisions"}],"predecessor-version":[{"id":1626,"href":"https:\/\/auto-ecole-nevers.com\/index.php?rest_route=\/wp\/v2\/pages\/1488\/revisions\/1626"}],"wp:attachment":[{"href":"https:\/\/auto-ecole-nevers.com\/index.php?rest_route=%2Fwp%2Fv2%2Fmedia&parent=1488"}],"curies":[{"name":"wp","href":"https:\/\/api.w.org\/{rel}","templated":true}]}}