{"id":1394,"date":"2023-03-18T10:50:51","date_gmt":"2023-03-18T10:50:51","guid":{"rendered":"https:\/\/auto-ecole-nevers.com\/?page_id=1394"},"modified":"2025-02-12T11:43:07","modified_gmt":"2025-02-12T11:43:07","slug":"enjeux-permis-b","status":"publish","type":"page","link":"https:\/\/auto-ecole-nevers.com\/?page_id=1394","title":{"rendered":"Enjeux Permis B"},"content":{"rendered":"<p>[vc_row css=\u00a0\u00bb.vc_custom_1678722370488{margin-bottom: 20px !important;}\u00a0\u00bb][vc_column]<div id=\"ultimate-heading-493469fb309e13d9a\" class=\"uvc-heading ult-adjust-bottom-margin ultimate-heading-493469fb309e13d9a uvc-5427 accent-border-color uvc-heading-default-font-sizes\" data-hspacer=\"line_only\"  data-halign=\"left\" style=\"text-align:left\"><div class=\"uvc-main-heading ult-responsive\"  data-ultimate-target='.uvc-heading.ultimate-heading-493469fb309e13d9a h2'  data-responsive-json-new='{\"font-size\":\"\",\"line-height\":\"\"}' ><h2 style=\"--font-weight:theme;\">ENJEUX et d\u00e9roulement de la formation<\/h2><\/div><div class=\"uvc-heading-spacer line_only\" style=\"topheight:4px;\"><span class=\"uvc-headings-line\" style=\"border-style:solid;border-bottom-width:4px;border-color:#f6f7f7;width:50px;\"><\/span><\/div><\/div>[\/vc_column][\/vc_row][vc_row][vc_column][vc_column_text]<\/p>\n<h3>L&rsquo;automobile est devenue un outil social indispensable pour une tr\u00e8s grande partie des jeunes de notre soci\u00e9t\u00e9. Au del\u00e0 du plaisir de conduire, l&rsquo;utilisation d&rsquo;une voiture est souvent indispensable pour les \u00e9tudes, le travail ou les loisirs. Rouler en s\u00e9curit\u00e9 est donc une n\u00e9cessit\u00e9 pour tous.<\/h3>\n<p>Les conducteurs d\u00e9butants repr\u00e9sentent une part trop importante des tu\u00e9s et des bless\u00e9s sur la route. L&rsquo;effort engag\u00e9 doit \u00eatre poursuivi, notamment par le renforcement de l&rsquo;\u00e9ducation et de la formation.<\/p>\n<p>Les accidents de la route ne sont pas li\u00e9s \u00e0 la fatalit\u00e9 et le programme de formation au permis de conduire est mis en place pour aider les nouveaux conducteurs\u00a0 \u00e0 se d\u00e9placer avec un risque faible de perdre la vie ou de la d\u00e9grader.<\/p>\n<p>L&rsquo;objectif g\u00e9n\u00e9ral est d&rsquo;amener tout automobiliste d\u00e9butant \u00e0 la ma\u00eetrise de comp\u00e9tences en termes de savoir \u00eatre, savoirs, savoir-faire et savoir devenir. Apprendre \u00e0 conduire est une d\u00e9marche \u00e9ducative exigeante.<\/p>\n<p>Le programme de formation se veut une vue d&rsquo;ensemble des comp\u00e9tences qu&rsquo;un conducteur responsable doit acqu\u00e9rir pour ne pas mettre sa s\u00e9curit\u00e9 et celle des autres en danger. Il vous faudra prendre conscience que ce qui est appris en formation doit progresser et \u00e9voluer, en tenant compte des m\u00eames objectifs s\u00e9curitaires que lors des votre apprentissage.<\/p>\n<p>Vous aller apprendre \u00e0 manipuler une automobile et \u00e0 circuler dans diff\u00e9rentes configurations, \u00e0 en conna\u00eetre les risques et les limites. Vous allez, au travers de ce programme, comprendre les r\u00e8gles du code de la route ainsi que l&rsquo;influence des lois physiques, psychologiques et physiologiques. Vous devrez \u00e9galement vous situer personnellement en tant que citoyen dans vos choix de conduite. Des cours th\u00e9oriques et pratiques, collectifs ou individuels, vous aideront \u00e0 atteindre les objectifs d\u00e9finis et \u00e0 personnaliser votre progression. Votre formateur vous guidera et vous conseillera. Des tests de connaissances et de capacit\u00e9s pourront \u00eatre mis en place au fur et \u00e0 mesure.[\/vc_column_text][\/vc_column][\/vc_row][vc_row][vc_column]<div id=\"ultimate-heading-482869fb309e13dd7\" class=\"uvc-heading ult-adjust-bottom-margin ultimate-heading-482869fb309e13dd7 uvc-6532 accent-border-color uvc-heading-default-font-sizes\" data-hspacer=\"line_only\"  data-halign=\"left\" style=\"text-align:left\"><div class=\"uvc-main-heading ult-responsive\"  data-ultimate-target='.uvc-heading.ultimate-heading-482869fb309e13dd7 h2'  data-responsive-json-new='{\"font-size\":\"\",\"line-height\":\"\"}' ><h2 style=\"--font-weight:theme;\">L'\u00c9PREUVE TH\u00c9ORIQUE G\u00c9N\u00c9RALE (le code)<\/h2><\/div><div class=\"uvc-heading-spacer line_only\" style=\"topheight:4px;\"><span class=\"uvc-headings-line\" style=\"border-style:solid;border-bottom-width:4px;border-color:#ccc;width:50px;\"><\/span><\/div><\/div>[\/vc_column][\/vc_row][vc_row][vc_column][vc_column_text]<\/p>\n<h3>Pour pr\u00e9parer l&rsquo;\u00e9preuve du code, il faut avoir au moins 16 ans si vous suivez la formation traditionelle et le conduite supervis\u00e9e, ou 15 ans si vous suivez l&rsquo;apprentissage anticip\u00e9e de la conduite (AAC)<\/h3>\n<p>Pour r\u00e9ussir cette \u00e9preuve, il faut obtenir au moins 35 bonnes r\u00e9ponses sur 40 questions (5 erreurs maximum). Une r\u00e9ponse est consid\u00e9r\u00e9e juste si toutes les propositions exactes ont \u00e9t\u00e9 valid\u00e9es<\/p>\n<p>Parmi les 40 questions auxquelles vous devrez r\u00e9pondre, certaines sont en vid\u00e9o. Pendant le d\u00e9roul\u00e9 de la vid\u00e9o, pensez \u00e0 \u00e9valuer l&rsquo;intervalle de s\u00e9curit\u00e9 et \u00e0 regarder tous les r\u00e9troviseurs.<\/p>\n<p>Le jour de l&rsquo;examen, pensez \u00e0 apporter votre pi\u00e8ce d&rsquo;identit\u00e9 et votre convocation.<\/p>\n<p>Votre code est valable 5 ans.[\/vc_column_text][\/vc_column][\/vc_row][vc_row][vc_column]<div id=\"ultimate-heading-457169fb309e13dff\" class=\"uvc-heading ult-adjust-bottom-margin ultimate-heading-457169fb309e13dff uvc-7755 accent-border-color uvc-heading-default-font-sizes\" data-hspacer=\"line_only\"  data-halign=\"left\" style=\"text-align:left\"><div class=\"uvc-main-heading ult-responsive\"  data-ultimate-target='.uvc-heading.ultimate-heading-457169fb309e13dff h2'  data-responsive-json-new='{\"font-size\":\"\",\"line-height\":\"\"}' ><h2 style=\"--font-weight:theme;\">L'examen PRATIQUE<\/h2><\/div><div class=\"uvc-heading-spacer line_only\" style=\"topheight:4px;\"><span class=\"uvc-headings-line\" style=\"border-style:solid;border-bottom-width:4px;border-color:#ccc;width:50px;\"><\/span><\/div><\/div>[\/vc_column][\/vc_row][vc_row][vc_column][vc_column_text]<\/p>\n<h3>Pour se pr\u00e9senter \u00e0 l&rsquo;examen pratique, il faut avoir 17 ans; Il faut avoir r\u00e9ussi l&rsquo;examen du code.<\/h3>\n<p>Cette \u00e9preuve dure 32 minutses. elle a pour but de v\u00e9rifier si vous \u00eates capable de conduire seul sans mettre en danger votre s\u00e9curit\u00e9 et celle des autres. Elle est \u00e9valu\u00e9e par un expert, l&rsquo;inspecteur du permsi de conduire et de la s\u00e9curit\u00e9 routi\u00e8re.<\/p>\n<h3>Le jour de l&rsquo;examen, l&rsquo;\u00e9preuve vous est pr\u00e9sent\u00e9e individuellement par l&rsquo;expert, qui vous pr\u00e9cise ce que vous allez devoir faire :<\/h3>\n<ul>\n<li>R\u00e9aliser un parcours empruntant des voies \u00e0 caract\u00e8re urbain, routier et\/ou autoroutier ;<\/li>\n<li>Suivre un itin\u00e9raire en vous guidant de mani\u00e8re autonome, pendant environ 5 minutes ;<\/li>\n<li>R\u00e9aliser deux man\u0153uvres diff\u00e9rentes, un freinage pour un arr\u00eat de pr\u00e9cision et une man\u0153uvre en marche arri\u00e8re ;<\/li>\n<li>Proc\u00e9der \u00e0 la v\u00e9rification d&rsquo;un \u00e9l\u00e9ment technique \u00e0 l&rsquo;int\u00e9rieur ou \u00e0 l&rsquo;ext\u00e9rieur du v\u00e9hicule, r\u00e9pondre \u00e0 une question en lien avec la s\u00e9curit\u00e9 routi\u00e8re, et r\u00e9pondre \u00e0 une question sur les premiers secours ;<\/li>\n<li>Appliquer les r\u00e8gles du code de la route, notamment les limitations de vitesse s&rsquo;appliquant aux \u00e9l\u00e8ves conducteurs ;<\/li>\n<li>Adapter votre conduite dans un souci d&rsquo;\u00e9conomie de carburant et de limitation de rejet de gaz \u00e0 effet de serre ;<\/li>\n<li>Faire preuve de courtoisie envers les autres usages vulnerables ;<\/li>\n<\/ul>\n<p>[\/vc_column_text][\/vc_column][\/vc_row][vc_row][vc_column][vc_column_text css=\u00a0\u00bb.vc_custom_1680084153952{background-color: #dd9933 !important;}\u00a0\u00bb]<\/p>\n<h5><strong>L&rsquo;examen r\u00e9alis\u00e9 par l&rsquo;inspecteur du permis de conduire et de la s\u00e9curit\u00e9 routi\u00e8re est bas\u00e9 sur des textes r\u00e9glementaires et instructions pr\u00e9cises qui en fixent les modalit\u00e9s.<\/strong><\/h5>\n<h5><strong>Cet examen consiste en un bilan des comp\u00e9tences n\u00e9cessaires et fondamentales devant \u00eatre acquises pour une conduite en s\u00e9curit\u00e9, car la conduite est un acte difficile qui engage une responsabilit\u00e9 forte.<\/strong><\/h5>\n<h5><strong>\u00c0 l&rsquo;issue de l&rsquo;\u00e9preuve, l&rsquo;inspecteur du permis de conduire et de la s\u00e9curit\u00e9 routi\u00e8re retranscrit de fa\u00e7on formelle le bilan de comp\u00e9tences dans une grille d&rsquo;\u00e9valuation. Le certificat d&rsquo;examen du permis de conduire (CEPC), sur lequel est not\u00e9 le r\u00e9sultat, vous est envoy\u00e9 par courrier si certificat en format papier ou t\u00e9l\u00e9chargeable sur le site de la s\u00e9curit\u00e9 routi\u00e8re.si format d\u00e9mat\u00e9rialis\u00e9.<\/strong><\/h5>\n<h5><strong>En cas de r\u00e9ussite, le CEPC sera votre justificatif pendant 4 mois aupr\u00e8s des forces de l&rsquo;ordre. Une d\u00e9marche de fabrication de titre sera \u00e0 effectuer aupr\u00e8s de votre auto-\u00e9cole car le titre du permis de conduire n&rsquo;est pas fait de mani\u00e8re automatique apr\u00e8s r\u00e9ussite.<\/strong><\/h5>\n<h5><strong>En cas de r\u00e9ussite, vous serez en p\u00e9riode probatoire avec 6 points.<\/strong><\/h5>\n<p>[\/vc_column_text][\/vc_column][\/vc_row][vc_row][vc_column]<div id=\"ultimate-heading-39169fb309e13e24\" class=\"uvc-heading ult-adjust-bottom-margin ultimate-heading-39169fb309e13e24 uvc-2675 accent-border-color uvc-heading-default-font-sizes\" data-hspacer=\"line_only\"  data-halign=\"left\" style=\"text-align:left\"><div class=\"uvc-main-heading ult-responsive\"  data-ultimate-target='.uvc-heading.ultimate-heading-39169fb309e13e24 h2'  data-responsive-json-new='{\"font-size\":\"\",\"line-height\":\"\"}' ><h2 style=\"--font-weight:theme;\">LE PROGRAMME de formation TH\u00c9ORIQUE<\/h2><\/div><div class=\"uvc-heading-spacer line_only\" style=\"topheight:4px;\"><span class=\"uvc-headings-line\" style=\"border-style:solid;border-bottom-width:4px;border-color:#ccc;width:50px;\"><\/span><\/div><\/div>[vc_column_text]<\/p>\n<h3>La formation th\u00e9orique porte sur :<\/h3>\n<ul>\n<li>Les dispositions l\u00e9gales en mati\u00e8re de circulation routi\u00e8re<\/li>\n<li>Le conducteur : les effets dus \u00e0 une consommation d&rsquo;alcool, de drogue et de m\u00e9dicaments sur la conduite, l&rsquo;influence de la fatigue sur la conduite, la pression sociale (publicit\u00e9, travail&#8230;) et la pression des pairs.<\/li>\n<li>La route : les risques li\u00e9s aux conditions m\u00e9t\u00e9orologiques et aux \u00e9tats de la chauss\u00e9e.<\/li>\n<li>Les autres usagers de la route : la vigilance et les attitudes \u00e0 l&rsquo;\u00e9gard des autres usagers, les usagers vuln\u00e9rables, les sp\u00e9cificit\u00e9s de certaines cat\u00e9gorie de v\u00e9hicules et les diff\u00e9rentes conditions de visibilit\u00e9 de leur conducteurs.<\/li>\n<li>La r\u00e9glementation g\u00e9n\u00e9ral : le transport d&rsquo;un chargement et de personne, la r\u00e9glementation relative \u00e0 l&rsquo;obligation d&rsquo;assurance et aux documents administratifs l\u00e9s \u00e0 l&rsquo;utilisation du v\u00e9hicule.<\/li>\n<li>Les gestes de premiers secours.<\/li>\n<li>Les pr\u00e9cautions n\u00e9cessaires \u00e0 prendre en quittant le v\u00e9hicule.<\/li>\n<li>Les \u00e9l\u00e9ments m\u00e9caniques et autres \u00e9quipements li\u00e9s \u00e0 la s\u00e9curit\u00e9.<\/li>\n<li>Les \u00e9quipements de s\u00e9curit\u00e9s des v\u00e9hicules.<\/li>\n<li>Les r\u00e8gles d&rsquo;utilisations du v\u00e9hicule en relation avec le respect de l&rsquo;environnement.<\/li>\n<\/ul>\n<p>[\/vc_column_text][\/vc_column][\/vc_row][vc_row][vc_column]<div id=\"ultimate-heading-815869fb309e13e46\" class=\"uvc-heading ult-adjust-bottom-margin ultimate-heading-815869fb309e13e46 uvc-1585 accent-border-color uvc-heading-default-font-sizes\" data-hspacer=\"line_only\"  data-halign=\"left\" style=\"text-align:left\"><div class=\"uvc-main-heading ult-responsive\"  data-ultimate-target='.uvc-heading.ultimate-heading-815869fb309e13e46 h2'  data-responsive-json-new='{\"font-size\":\"\",\"line-height\":\"\"}' ><h2 style=\"--font-weight:theme;\">LE PROGRAMME de formation PRATIQUE<\/h2><\/div><div class=\"uvc-heading-spacer line_only\" style=\"topheight:4px;\"><span class=\"uvc-headings-line\" style=\"border-style:solid;border-bottom-width:4px;border-color:#ccc;width:50px;\"><\/span><\/div><\/div>[vc_column_text]Les 4 comp\u00e9tences et les comp\u00e9tences associ\u00e9es ci-dessous sont enseign\u00e9es et doivent \u00eatre acquises en fin de formation. Elles sont trait\u00e9es en abordant les points suivants : le pourquoi, le comment, les risques, les influence de l&rsquo;entourage et du mode de vie de l&rsquo;\u00e9l\u00e8ve, les pressions exerc\u00e9es par la soci\u00e9t\u00e9 telles que la publicit\u00e9s, le travail et l&rsquo;auto \u00e9valuation.<\/p>\n<p>&nbsp;<\/p>\n<p><strong>COMP\u00c9TENCE 1 : MA\u00ceTRISER LE MANIEMENT DU V\u00c9HICULE DANS UN TRAFIC FAIBLE OU NUL<\/strong><\/p>\n<ul>\n<li>Conna\u00eetre les principaux organes et commandes du v\u00e9hicule, effectuer des v\u00e9rifications int\u00e9rieures et ext\u00e9rieures.<\/li>\n<li>Entrer, s&rsquo;installer au poste de conduite et en sortir.<\/li>\n<li>Tenir, tourner le volant et maintenir la trajectoire.<\/li>\n<li>D\u00e9marrer et s&rsquo;arr\u00eater.<\/li>\n<li>Doser l&rsquo;acc\u00e9l\u00e9ration et le freinage \u00e0 diverses allures.<\/li>\n<li>Utiliser la boite de vitesses<\/li>\n<li>Diriger la voiture en avant en ligne droite et en courbe en adaptant allure et trajectoire<\/li>\n<li>Regarder autour de soi et avertir.<\/li>\n<li>Effectuer une marche arri\u00e8re et un demi tour en s\u00e9curit\u00e9.<\/li>\n<\/ul>\n<p>&nbsp;<\/p>\n<p><strong>COMP\u00c9TENCE 2 : APPR\u00c9HENDER LA ROUTE ET CIRCULER DANS DES CONDITIONS NORMALES<\/strong><\/p>\n<ul>\n<li>Rechercher la signalisation, les indices utiles et en tenir compte.<\/li>\n<li>Positionner le v\u00e9hicule sur la chauss\u00e9e et choisir la voie de circulation.<\/li>\n<li>Adapter l&rsquo;allure aux situations.<\/li>\n<li>Tourner \u00e0 droite et \u00e0 gauche en agglom\u00e9ration<\/li>\n<li>D\u00e9tecter, identifier et franchir les intersections suivant le r\u00e9gime de priorit\u00e9.<\/li>\n<li>Franchir les ronds-points et les carrefours \u00e0 sens giratoire.<\/li>\n<li>S&rsquo;arr\u00eater et stationner en \u00e9pi, en bataille, et en cr\u00e9neau.<\/li>\n<\/ul>\n<p>&nbsp;<\/p>\n<p><strong>COMP\u00c9TENCE 3 : CIRCULER DANS DES CONDITIONS DIFFIC ILES ET PARTAGER LA ROUTE AVEC LES AUTRES USAGERS<\/strong><\/p>\n<ul>\n<li>\u00c9valuer et maintenir les distances de s\u00e9curit\u00e9<\/li>\n<li>Croiser, d\u00e9passer, \u00eatre d\u00e9pass\u00e9.<\/li>\n<li>Passer les virages et conduire en d\u00e9clivit\u00e9.<\/li>\n<li>Connaitre les caract\u00e9ristiques des autres usagers et savoir se comporter \u00e0 leur \u00e9gard, avec respect et courtoisie.<\/li>\n<li>S&rsquo;ins\u00e9rer, circuler et sortir d&rsquo;une voie rapide.<\/li>\n<li>Conduire dans une file de v\u00e9hicules et dans la circulation dense.<\/li>\n<li>Connaitre les r\u00e8gles relatives \u00e0 la circulation inter-files des motocyclistes. Savoir en tenir compte.<\/li>\n<li>Conduire quand l&rsquo;adh\u00e9rence et la visibilit\u00e9 sont r\u00e9duites.<\/li>\n<li>Conduire \u00e0 l&rsquo;abord et dans la travers\u00e9e d&rsquo;ouvrages routiers tel que les tunnels, les ponts etc;;; .<\/li>\n<\/ul>\n<p>&nbsp;<\/p>\n<p><strong>COMP\u00c9TENCE 4 : PRATIQUER UNE CONDUITE AUTONOME, S\u00dbRE ET \u00c9CONOMIQUE<\/strong><\/p>\n<ul>\n<li>Suivre un itin\u00e9raire de mani\u00e8re autonome.<\/li>\n<li>Pr\u00e9parer et effectuer un voyage longue distance en autonomie.<\/li>\n<li>Conna\u00eetre les principaux facteurs de risque au volant te les recommandations \u00e0 appliquer.<\/li>\n<li>Conna\u00eetre les comportements \u00e0 adopter en cas d&rsquo;accident : Prot\u00e9ger, Alerter, Secourir.<\/li>\n<li>Faire l&rsquo;exp\u00e9rience des aides \u00e0 la conduitedu v\u00e9hicule (r\u00e9gulateur, limiteur de vitesse, ABS, aides \u00e0 la navigation, etc&#8230;)<\/li>\n<li>Avoir des notions sur l&rsquo;entretien, le d\u00e9pannage et les situations d&rsquo;urgence.<\/li>\n<li>Pratiquer l&rsquo;\u00e9coconduite.<\/li>\n<\/ul>\n<p>[\/vc_column_text][\/vc_column][\/vc_row]<\/p>\n","protected":false},"excerpt":{"rendered":"<p>[vc_row css=\u00a0\u00bb.vc_custom_1678722370488{margin-bottom: 20px !important;}\u00a0\u00bb][vc_column][\/vc_column][\/vc_row][vc_row][vc_column][vc_column_text] L&rsquo;automobile est devenue un outil social indispensable pour une tr\u00e8s grande partie des jeunes de notre soci\u00e9t\u00e9. Au del\u00e0 du plaisir de conduire, l&rsquo;utilisation d&rsquo;une voiture est souvent indispensable pour les \u00e9tudes, le travail ou les loisirs. Rouler en s\u00e9curit\u00e9 est donc une n\u00e9cessit\u00e9 pour tous. Les conducteurs d\u00e9butants repr\u00e9sentent une&hellip;<\/p>\n","protected":false},"author":1,"featured_media":0,"parent":0,"menu_order":0,"comment_status":"closed","ping_status":"closed","template":"","meta":{"footnotes":""},"class_list":["post-1394","page","type-page","status-publish","hentry","description-off"],"aioseo_notices":[],"_links":{"self":[{"href":"https:\/\/auto-ecole-nevers.com\/index.php?rest_route=\/wp\/v2\/pages\/1394","targetHints":{"allow":["GET"]}}],"collection":[{"href":"https:\/\/auto-ecole-nevers.com\/index.php?rest_route=\/wp\/v2\/pages"}],"about":[{"href":"https:\/\/auto-ecole-nevers.com\/index.php?rest_route=\/wp\/v2\/types\/page"}],"author":[{"embeddable":true,"href":"https:\/\/auto-ecole-nevers.com\/index.php?rest_route=\/wp\/v2\/users\/1"}],"replies":[{"embeddable":true,"href":"https:\/\/auto-ecole-nevers.com\/index.php?rest_route=%2Fwp%2Fv2%2Fcomments&post=1394"}],"version-history":[{"count":29,"href":"https:\/\/auto-ecole-nevers.com\/index.php?rest_route=\/wp\/v2\/pages\/1394\/revisions"}],"predecessor-version":[{"id":1686,"href":"https:\/\/auto-ecole-nevers.com\/index.php?rest_route=\/wp\/v2\/pages\/1394\/revisions\/1686"}],"wp:attachment":[{"href":"https:\/\/auto-ecole-nevers.com\/index.php?rest_route=%2Fwp%2Fv2%2Fmedia&parent=1394"}],"curies":[{"name":"wp","href":"https:\/\/api.w.org\/{rel}","templated":true}]}}