{"id":1384,"date":"2023-03-18T10:20:01","date_gmt":"2023-03-18T10:20:01","guid":{"rendered":"https:\/\/auto-ecole-nevers.com\/?page_id=1384"},"modified":"2025-02-12T11:54:56","modified_gmt":"2025-02-12T11:54:56","slug":"passerelle-a2-vers-a","status":"publish","type":"page","link":"https:\/\/auto-ecole-nevers.com\/?page_id=1384","title":{"rendered":"Passerelle A2 vers A"},"content":{"rendered":"<p>[vc_row css=\u00a0\u00bb.vc_custom_1678722370488{margin-bottom: 20px !important;}\u00a0\u00bb][vc_column]<div id=\"ultimate-heading-751969fb2fe9db3ba\" class=\"uvc-heading ult-adjust-bottom-margin ultimate-heading-751969fb2fe9db3ba uvc-5498 accent-border-color uvc-heading-default-font-sizes\" data-hspacer=\"line_only\"  data-halign=\"left\" style=\"text-align:left\"><div class=\"uvc-main-heading ult-responsive\"  data-ultimate-target='.uvc-heading.ultimate-heading-751969fb2fe9db3ba h2'  data-responsive-json-new='{\"font-size\":\"\",\"line-height\":\"\"}' ><h2 style=\"--font-weight:theme;\">OBJECTIFS de la formation<\/h2><\/div><div class=\"uvc-heading-spacer line_only\" style=\"topheight:4px;\"><span class=\"uvc-headings-line\" style=\"border-style:solid;border-bottom-width:4px;border-color:#f6f7f7;width:50px;\"><\/span><\/div><\/div>[\/vc_column][\/vc_row][vc_row][vc_column][vc_column_text]<\/p>\n<ul>\n<li style=\"list-style-type: none;\">\n<ul>\n<li>Amener \u00e0 la compr\u00e9hension d&rsquo;apports th\u00e9oriques essentiels et \/ou sp\u00e9cifiques, \u00e0 la pratique s\u00e9curitaire de la conduite d&rsquo;une motocyclette d&rsquo;une puissance sup\u00e9rieure \u00e0 35 KW ;<\/li>\n<li>Comprendre l&rsquo;utilit\u00e9 de maitriser les savoir-faire et techniques simples mais indispensables \u00e0 la pratique s\u00e9curitaire de la conduite d&rsquo;une motocyclette d&rsquo;une puissance sup\u00e9rieure \u00e0 35 KW ;<\/li>\n<li>Travailler, notamment sur le processus d\u00e9tection &#8211; analyse -d\u00e9cision et action, dans le cadre d&rsquo;un audit de conduite.<\/li>\n<\/ul>\n<\/li>\n<\/ul>\n<p>[\/vc_column_text][\/vc_column][\/vc_row][vc_row][vc_column][vc_column_text]<\/p>\n<h3>Quand puis-je suivie la formation ?<\/h3>\n<p>La formation peut-\u00eatre suivie trois mois avant la date anniversaire des deux ans d&rsquo;obtention de la cat\u00e9gorie A2 du permis de conduire.[\/vc_column_text][\/vc_column][\/vc_row][vc_row][vc_column]<div id=\"ultimate-heading-369669fb2fe9db3f6\" class=\"uvc-heading ult-adjust-bottom-margin ultimate-heading-369669fb2fe9db3f6 uvc-4798 accent-border-color uvc-heading-default-font-sizes\" data-hspacer=\"line_only\"  data-halign=\"left\" style=\"text-align:left\"><div class=\"uvc-main-heading ult-responsive\"  data-ultimate-target='.uvc-heading.ultimate-heading-369669fb2fe9db3f6 h2'  data-responsive-json-new='{\"font-size\":\"\",\"line-height\":\"\"}' ><h2 style=\"--font-weight:theme;\">CARACT\u00c9RISTIQUES<\/h2><\/div><div class=\"uvc-heading-spacer line_only\" style=\"topheight:4px;\"><span class=\"uvc-headings-line\" style=\"border-style:solid;border-bottom-width:4px;border-color:#ccc;width:50px;\"><\/span><\/div><\/div><div class=\"ult_pricing_table_wrap ult_info_table ult_design_3  ult-cs-yellow \">\n\t\t\t\t\t<div class=\"ult_pricing_table \" style=\" \"><div id=\"Info-table-wrap-7019\" class=\"ult_pricing_heading\">\n\t\t\t\t\t\t\t<h3 class=\"ult-responsive\"  data-ultimate-target='#Info-table-wrap-7019 h3'  data-responsive-json-new='{\"font-size\":\"\",\"line-height\":\"\"}'  style=\"font-weight:normal;\">FORMATION DISPENS\u00c9E<\/h3><\/div><!--ult_pricing_heading--><div id=\"info_table_features_wrap-6459\"  data-ultimate-target='#info_table_features_wrap-6459.ult_price_features'  data-responsive-json-new='{\"font-size\":\"\",\"line-height\":\"\"}'  class=\"ult-responsive ult_price_features\" style=\"font-weight:normal;\">\n\t\t\t\t\t\t\t\n\t\t\t\t\t\t<\/div><!--ult_price_features--><div class=\"ult_clr\"><\/div>\n\t\t\t<\/div><!--pricing_table-->\n\t\t<\/div><!--pricing_table_wrap-->[\/vc_column][\/vc_row][vc_row][vc_column width=\u00a0\u00bb1\/4&Prime;]<div class=\"ult_pricing_table_wrap ult_info_table ult_design_4  ult-cs-yellow  \">\n\t\t\t\t\t<div class=\"ult_pricing_table \" style=\" \"><div id=\"Info-table-wrap-5522\" class=\"ult_pricing_heading\">\n\t\t\t\t\t\t\t<h3 class=\"ult-responsive\"  data-ultimate-target='#Info-table-wrap-5522 h3'  data-responsive-json-new='{\"font-size\":\"\",\"line-height\":\"\"}'  style=\"font-weight:normal;\">ENSEIGNEMENT<\/h3><\/div><!--ult_pricing_heading--><div id=\"info_table_features_wrap-2022\"  data-ultimate-target='#info_table_features_wrap-2022.ult_price_features'  data-responsive-json-new='{\"font-size\":\"\",\"line-height\":\"\"}'  class=\"ult-responsive ult_price_features\" style=\"font-weight:normal;\">\n\t\t\t\t\t\t\t\n\t\t\t\t\t\t<\/div><!--ult_price_features--><div class=\"ult_clr\"><\/div>\n\t\t\t<\/div><!--pricing_table-->\n\t\t<\/div><!--pricing_table_wrap-->[\/vc_column][vc_column width=\u00a0\u00bb3\/4&Prime;][vc_column_text]<\/p>\n<h4><\/h4>\n<ul>\n<li>La formation dure 7 heures, quel que soit le nombre d&rsquo;\u00e9l\u00e8ves.<\/li>\n<li>La formation est dispens\u00e9e par un enseignement titulaire de l&rsquo;autorisation d&rsquo;enseigner la conduite des v\u00e9hicules de la cat\u00e9gorie A en cours de validit\u00e9.<\/li>\n<li>La formation est compos\u00e9e d&rsquo;une s\u00e9quence th\u00e9orique et de deux s\u00e9quences pratiques (hors circulation et en circulation).<\/li>\n<li>La s\u00e9quence en circultation comprend des phases d&rsquo;\u00e9coutes p\u00e9dagogiques et s&rsquo;effectue avec un maximum de quatre \u00e9l\u00e8ves.<\/li>\n<\/ul>\n<p>[\/vc_column_text][\/vc_column][\/vc_row][vc_row][vc_column]<div id=\"ultimate-heading-131869fb2fe9db566\" class=\"uvc-heading ult-adjust-bottom-margin ultimate-heading-131869fb2fe9db566 uvc-5284 accent-border-color uvc-heading-default-font-sizes\" data-hspacer=\"line_only\"  data-halign=\"left\" style=\"text-align:left\"><div class=\"uvc-main-heading ult-responsive\"  data-ultimate-target='.uvc-heading.ultimate-heading-131869fb2fe9db566 h2'  data-responsive-json-new='{\"font-size\":\"\",\"line-height\":\"\"}' ><h2 style=\"--font-weight:theme;\">LA FORMATION DE 7 HEURES<\/h2><\/div><div class=\"uvc-heading-spacer line_only\" style=\"topheight:4px;\"><span class=\"uvc-headings-line\" style=\"border-style:solid;border-bottom-width:4px;border-color:#ccc;width:50px;\"><\/span><\/div><\/div><div class=\"ult_pricing_table_wrap ult_info_table ult_design_3  ult-cs-yellow \">\n\t\t\t\t\t<div class=\"ult_pricing_table \" style=\" \"><div id=\"Info-table-wrap-8218\" class=\"ult_pricing_heading\">\n\t\t\t\t\t\t\t<h3 class=\"ult-responsive\"  data-ultimate-target='#Info-table-wrap-8218 h3'  data-responsive-json-new='{\"font-size\":\"\",\"line-height\":\"\"}'  style=\"font-weight:normal;\">LE PROGRAMME DE FORMATION<\/h3><\/div><!--ult_pricing_heading--><div id=\"info_table_features_wrap-8732\"  data-ultimate-target='#info_table_features_wrap-8732.ult_price_features'  data-responsive-json-new='{\"font-size\":\"\",\"line-height\":\"\"}'  class=\"ult-responsive ult_price_features\" style=\"font-weight:normal;\">\n\t\t\t\t\t\t\t\n\t\t\t\t\t\t<\/div><!--ult_price_features--><div class=\"ult_clr\"><\/div>\n\t\t\t<\/div><!--pricing_table-->\n\t\t<\/div><!--pricing_table_wrap-->[\/vc_column][\/vc_row][vc_row][vc_column width=\u00a0\u00bb1\/6&Prime;]<div class=\"ult_pricing_table_wrap ult_info_table ult_design_3  ult-cs-yellow \">\n\t\t\t\t\t<div class=\"ult_pricing_table \" style=\" \"><div id=\"Info-table-wrap-7434\" class=\"ult_pricing_heading\">\n\t\t\t\t\t\t\t<h3 class=\"ult-responsive\"  data-ultimate-target='#Info-table-wrap-7434 h3'  data-responsive-json-new='{\"font-size\":\"\",\"line-height\":\"\"}'  style=\"font-weight:normal;\">SEQUENCES<\/h3><\/div><!--ult_pricing_heading--><div id=\"info_table_features_wrap-4955\"  data-ultimate-target='#info_table_features_wrap-4955.ult_price_features'  data-responsive-json-new='{\"font-size\":\"\",\"line-height\":\"\"}'  class=\"ult-responsive ult_price_features\" style=\"font-weight:normal;\">\n\t\t\t\t\t\t\t\n\t\t\t\t\t\t<\/div><!--ult_price_features--><div class=\"ult_clr\"><\/div>\n\t\t\t<\/div><!--pricing_table-->\n\t\t<\/div><!--pricing_table_wrap-->[\/vc_column][vc_column width=\u00a0\u00bb1\/6&Prime;]<div class=\"ult_pricing_table_wrap ult_info_table ult_design_3  ult-cs-yellow \">\n\t\t\t\t\t<div class=\"ult_pricing_table \" style=\" \"><div id=\"Info-table-wrap-7387\" class=\"ult_pricing_heading\">\n\t\t\t\t\t\t\t<h3 class=\"ult-responsive\"  data-ultimate-target='#Info-table-wrap-7387 h3'  data-responsive-json-new='{\"font-size\":\"\",\"line-height\":\"\"}'  style=\"font-weight:normal;\">DUR\u00c9E<\/h3><\/div><!--ult_pricing_heading--><div id=\"info_table_features_wrap-1951\"  data-ultimate-target='#info_table_features_wrap-1951.ult_price_features'  data-responsive-json-new='{\"font-size\":\"\",\"line-height\":\"\"}'  class=\"ult-responsive ult_price_features\" style=\"font-weight:normal;\">\n\t\t\t\t\t\t\t\n\t\t\t\t\t\t<\/div><!--ult_price_features--><div class=\"ult_clr\"><\/div>\n\t\t\t<\/div><!--pricing_table-->\n\t\t<\/div><!--pricing_table_wrap-->[\/vc_column][vc_column width=\u00a0\u00bb1\/6&Prime;]<div class=\"ult_pricing_table_wrap ult_info_table ult_design_3  ult-cs-yellow \">\n\t\t\t\t\t<div class=\"ult_pricing_table \" style=\" \"><div id=\"Info-table-wrap-2334\" class=\"ult_pricing_heading\">\n\t\t\t\t\t\t\t<h3 class=\"ult-responsive\"  data-ultimate-target='#Info-table-wrap-2334 h3'  data-responsive-json-new='{\"font-size\":\"\",\"line-height\":\"\"}'  style=\"font-weight:normal;\">INTITUL\u00c9<\/h3><\/div><!--ult_pricing_heading--><div id=\"info_table_features_wrap-2318\"  data-ultimate-target='#info_table_features_wrap-2318.ult_price_features'  data-responsive-json-new='{\"font-size\":\"\",\"line-height\":\"\"}'  class=\"ult-responsive ult_price_features\" style=\"font-weight:normal;\">\n\t\t\t\t\t\t\t\n\t\t\t\t\t\t<\/div><!--ult_price_features--><div class=\"ult_clr\"><\/div>\n\t\t\t<\/div><!--pricing_table-->\n\t\t<\/div><!--pricing_table_wrap-->[\/vc_column][vc_column width=\u00a0\u00bb1\/2&Prime;]<div class=\"ult_pricing_table_wrap ult_info_table ult_design_3  ult-cs-yellow \">\n\t\t\t\t\t<div class=\"ult_pricing_table \" style=\" \"><div id=\"Info-table-wrap-6358\" class=\"ult_pricing_heading\">\n\t\t\t\t\t\t\t<h3 class=\"ult-responsive\"  data-ultimate-target='#Info-table-wrap-6358 h3'  data-responsive-json-new='{\"font-size\":\"\",\"line-height\":\"\"}'  style=\"font-weight:normal;\">CONTENU<\/h3><\/div><!--ult_pricing_heading--><div id=\"info_table_features_wrap-2437\"  data-ultimate-target='#info_table_features_wrap-2437.ult_price_features'  data-responsive-json-new='{\"font-size\":\"\",\"line-height\":\"\"}'  class=\"ult-responsive ult_price_features\" style=\"font-weight:normal;\">\n\t\t\t\t\t\t\t\n\t\t\t\t\t\t<\/div><!--ult_price_features--><div class=\"ult_clr\"><\/div>\n\t\t\t<\/div><!--pricing_table-->\n\t\t<\/div><!--pricing_table_wrap-->[\/vc_column][\/vc_row][vc_row][vc_column width=\u00a0\u00bb1\/6&Prime;][vc_column_text]<\/p>\n<h5><strong>S\u00e9quence 1<\/strong><\/h5>\n<p>[\/vc_column_text][\/vc_column][vc_column width=\u00a0\u00bb1\/6&Prime;][vc_column_text]<\/p>\n<h5>2h00<\/h5>\n<p>[\/vc_column_text][\/vc_column][vc_column width=\u00a0\u00bb1\/6&Prime;][vc_column_text]<\/p>\n<h5>Th\u00e9orie<\/h5>\n<p>[\/vc_column_text][\/vc_column][vc_column width=\u00a0\u00bb1\/2&Prime;][vc_column_text]<\/p>\n<ul>\n<li>Statisrtiques de l&rsquo;accidentalit\u00e9 routi\u00e8re et de cellles sp\u00e9cifiques \u00e0 la conduite des motocyclettes.<\/li>\n<li>Sensibilisation aux risques sp\u00e9cifiques \u00e0 la conduite des motocyclettes.<\/li>\n<li>Explication et \u00e9changes sur les comportements par rapport au ph\u00e9nom\u00e8ne vitesse.<\/li>\n<li>Explication et \u00e9changes sur les raisons du caract\u00e8re indispensable du port des \u00e9quipements de protection.<\/li>\n<li>Conduite et produits psychoactifs<\/li>\n<\/ul>\n<p>[\/vc_column_text][\/vc_column][\/vc_row][vc_row][vc_column width=\u00a0\u00bb1\/6&Prime;][vc_column_text]<\/p>\n<h5><strong>S\u00e9quence 2<\/strong><\/h5>\n<p>[\/vc_column_text][\/vc_column][vc_column width=\u00a0\u00bb1\/6&Prime;][vc_column_text]<\/p>\n<h5>2h00<\/h5>\n<p>[\/vc_column_text][\/vc_column][vc_column width=\u00a0\u00bb1\/6&Prime;][vc_column_text]<\/p>\n<h5>Maniabilit\u00e9 hors circulation<\/h5>\n<p>[\/vc_column_text][\/vc_column][vc_column width=\u00a0\u00bb1\/2&Prime;][vc_column_text]S&rsquo;adapter \u00e0 un nouveau v\u00e9hicule et comprendre la n\u00e9cessit\u00e9 d&rsquo;anticiper son comportement pour \u00e9viter la gestion de situations dangereuses.<\/p>\n<p>Explications et travail sur :<\/p>\n<ul>\n<li>Les situations de changements de direction \u00e0 droite et gauche,<\/li>\n<li>Le freinage,<\/li>\n<li>Les techniques d&rsquo;inclinaison.<\/li>\n<\/ul>\n<p>[\/vc_column_text][\/vc_column][\/vc_row][vc_row][vc_column width=\u00a0\u00bb1\/6&Prime;][vc_column_text]<\/p>\n<h5><strong>S\u00e9quence 3<\/strong><\/h5>\n<p>[\/vc_column_text][\/vc_column][vc_column width=\u00a0\u00bb1\/6&Prime;][vc_column_text]<\/p>\n<h5>3h00<\/h5>\n<p>[\/vc_column_text][\/vc_column][vc_column width=\u00a0\u00bb1\/6&Prime;][vc_column_text]<\/p>\n<h5>Circulation et cl\u00f4ture de la formation<\/h5>\n<p>[\/vc_column_text][\/vc_column][vc_column width=\u00a0\u00bb1\/2&Prime;][vc_column_text]<\/p>\n<ul>\n<li>\u00a0R\u00e9alisation d&rsquo;un audit de la conduite du ou des \u00e9l\u00e8ves, principalement ax\u00e9 sur la perception, l&rsquo;analyse, la prise de d\u00e9cision et l&rsquo;action : chaque \u00e9l\u00e8ve effectue 30 minutes au minimum de conduite, puis 10 minutes sont consacr\u00e9es au bilan de la prestation.<\/li>\n<li>cl\u00f4ture de la formation (20minutes) \u00e9changes et bilan.<\/li>\n<\/ul>\n<p>[\/vc_column_text][\/vc_column][\/vc_row][vc_row][vc_column][vc_column_text]<\/p>\n<h4><strong>\u00c0 la fin de la formation, une attestation est remise par votre auto-\u00e9cole. <\/strong><\/h4>\n<h4><strong>Elle permet de conduire un v\u00e9hicule de la cat\u00e9gorie A qu&rsquo;\u00e0 compter du jour o\u00f9 vous \u00eates en possession du titre de conduire d\u00e9finitif.<\/strong><\/h4>\n<p>[\/vc_column_text][\/vc_column][\/vc_row]<\/p>\n","protected":false},"excerpt":{"rendered":"<p>[vc_row css=\u00a0\u00bb.vc_custom_1678722370488{margin-bottom: 20px !important;}\u00a0\u00bb][vc_column][\/vc_column][\/vc_row][vc_row][vc_column][vc_column_text] Amener \u00e0 la compr\u00e9hension d&rsquo;apports th\u00e9oriques essentiels et \/ou sp\u00e9cifiques, \u00e0 la pratique s\u00e9curitaire de la conduite d&rsquo;une motocyclette d&rsquo;une puissance sup\u00e9rieure \u00e0 35 KW ; Comprendre l&rsquo;utilit\u00e9 de maitriser les savoir-faire et techniques simples mais indispensables \u00e0 la pratique s\u00e9curitaire de la conduite d&rsquo;une motocyclette d&rsquo;une puissance sup\u00e9rieure \u00e0 35&hellip;<\/p>\n","protected":false},"author":1,"featured_media":0,"parent":27,"menu_order":0,"comment_status":"closed","ping_status":"closed","template":"","meta":{"footnotes":""},"class_list":["post-1384","page","type-page","status-publish","hentry","description-off"],"aioseo_notices":[],"_links":{"self":[{"href":"https:\/\/auto-ecole-nevers.com\/index.php?rest_route=\/wp\/v2\/pages\/1384","targetHints":{"allow":["GET"]}}],"collection":[{"href":"https:\/\/auto-ecole-nevers.com\/index.php?rest_route=\/wp\/v2\/pages"}],"about":[{"href":"https:\/\/auto-ecole-nevers.com\/index.php?rest_route=\/wp\/v2\/types\/page"}],"author":[{"embeddable":true,"href":"https:\/\/auto-ecole-nevers.com\/index.php?rest_route=\/wp\/v2\/users\/1"}],"replies":[{"embeddable":true,"href":"https:\/\/auto-ecole-nevers.com\/index.php?rest_route=%2Fwp%2Fv2%2Fcomments&post=1384"}],"version-history":[{"count":22,"href":"https:\/\/auto-ecole-nevers.com\/index.php?rest_route=\/wp\/v2\/pages\/1384\/revisions"}],"predecessor-version":[{"id":1688,"href":"https:\/\/auto-ecole-nevers.com\/index.php?rest_route=\/wp\/v2\/pages\/1384\/revisions\/1688"}],"up":[{"embeddable":true,"href":"https:\/\/auto-ecole-nevers.com\/index.php?rest_route=\/wp\/v2\/pages\/27"}],"wp:attachment":[{"href":"https:\/\/auto-ecole-nevers.com\/index.php?rest_route=%2Fwp%2Fv2%2Fmedia&parent=1384"}],"curies":[{"name":"wp","href":"https:\/\/api.w.org\/{rel}","templated":true}]}}