{"id":1380,"date":"2023-03-18T10:16:27","date_gmt":"2023-03-18T10:16:27","guid":{"rendered":"https:\/\/auto-ecole-nevers.com\/?page_id=1380"},"modified":"2023-03-23T09:59:56","modified_gmt":"2023-03-23T09:59:56","slug":"stage-125cc","status":"publish","type":"page","link":"https:\/\/auto-ecole-nevers.com\/?page_id=1380","title":{"rendered":"Stage 125cc"},"content":{"rendered":"<p>[vc_row css=\u00a0\u00bb.vc_custom_1678722370488{margin-bottom: 20px !important;}\u00a0\u00bb][vc_column]<div id=\"ultimate-heading-147969e06bfce85dd\" class=\"uvc-heading ult-adjust-bottom-margin ultimate-heading-147969e06bfce85dd uvc-5889 accent-border-color uvc-heading-default-font-sizes\" data-hspacer=\"line_only\"  data-halign=\"left\" style=\"text-align:left\"><div class=\"uvc-main-heading ult-responsive\"  data-ultimate-target='.uvc-heading.ultimate-heading-147969e06bfce85dd h2'  data-responsive-json-new='{\"font-size\":\"\",\"line-height\":\"\"}' ><h2 style=\"--font-weight:theme;\">OBJECTIFS de la formation<\/h2><\/div><div class=\"uvc-heading-spacer line_only\" style=\"topheight:4px;\"><span class=\"uvc-headings-line\" style=\"border-style:solid;border-bottom-width:4px;border-color:#f6f7f7;width:50px;\"><\/span><\/div><\/div>[vc_column_text]\u00c0 l&rsquo;issue de la formation, le conducteur doit \u00eatre en capacit\u00e9 d&rsquo;utiliser, en s\u00e9curit\u00e9, de motocyclettes l\u00e9g\u00e8res et des v\u00e9hicules de la cat\u00e9gorie L5e.[\/vc_column_text][\/vc_column][\/vc_row][vc_row][vc_column][vc_column_text]<\/p>\n<h3>QUAND PUIS-JE SUIVRE LA FORMATION ?<\/h3>\n<p>La formation peut \u00eatre suivie un mois avant la date anniversaire des deux ans d&rsquo;obtention de la cat\u00e9gorie B du permis de conduire.[\/vc_column_text][\/vc_column][\/vc_row][vc_row][vc_column]<div id=\"ultimate-heading-638269e06bfce861a\" class=\"uvc-heading ult-adjust-bottom-margin ultimate-heading-638269e06bfce861a uvc-8739 accent-border-color uvc-heading-default-font-sizes\" data-hspacer=\"line_only\"  data-halign=\"left\" style=\"text-align:left\"><div class=\"uvc-main-heading ult-responsive\"  data-ultimate-target='.uvc-heading.ultimate-heading-638269e06bfce861a h2'  data-responsive-json-new='{\"font-size\":\"\",\"line-height\":\"\"}' ><h2 style=\"--font-weight:theme;\">CARACT\u00c9RISTIQUES<\/h2><\/div><div class=\"uvc-heading-spacer line_only\" style=\"topheight:4px;\"><span class=\"uvc-headings-line\" style=\"border-style:solid;border-bottom-width:4px;border-color:#ccc;width:50px;\"><\/span><\/div><\/div>[\/vc_column][\/vc_row][vc_row][vc_column]<div class=\"ult_pricing_table_wrap ult_info_table ult_design_3  ult-cs-yellow \">\n\t\t\t\t\t<div class=\"ult_pricing_table \" style=\" \"><div id=\"Info-table-wrap-6265\" class=\"ult_pricing_heading\">\n\t\t\t\t\t\t\t<h3 class=\"ult-responsive\"  data-ultimate-target='#Info-table-wrap-6265 h3'  data-responsive-json-new='{\"font-size\":\"\",\"line-height\":\"\"}'  style=\"font-weight:normal;\">FORMATION DISPENS\u00c9E<\/h3><\/div><!--ult_pricing_heading--><div id=\"info_table_features_wrap-9115\"  data-ultimate-target='#info_table_features_wrap-9115.ult_price_features'  data-responsive-json-new='{\"font-size\":\"\",\"line-height\":\"\"}'  class=\"ult-responsive ult_price_features\" style=\"font-weight:normal;\">\n\t\t\t\t\t\t\t\n\t\t\t\t\t\t<\/div><!--ult_price_features--><div class=\"ult_clr\"><\/div>\n\t\t\t<\/div><!--pricing_table-->\n\t\t<\/div><!--pricing_table_wrap-->[\/vc_column][\/vc_row][vc_row][vc_column width=\u00a0\u00bb1\/4&Prime;]<div class=\"ult_pricing_table_wrap ult_info_table ult_design_4  ult-cs-yellow  \">\n\t\t\t\t\t<div class=\"ult_pricing_table \" style=\" \"><div id=\"Info-table-wrap-7354\" class=\"ult_pricing_heading\">\n\t\t\t\t\t\t\t<h3 class=\"ult-responsive\"  data-ultimate-target='#Info-table-wrap-7354 h3'  data-responsive-json-new='{\"font-size\":\"\",\"line-height\":\"\"}'  style=\"font-weight:normal;\">V\u00c9HICULE UTILIS\u00c9<\/h3><\/div><!--ult_pricing_heading--><div id=\"info_table_features_wrap-6193\"  data-ultimate-target='#info_table_features_wrap-6193.ult_price_features'  data-responsive-json-new='{\"font-size\":\"\",\"line-height\":\"\"}'  class=\"ult-responsive ult_price_features\" style=\"font-weight:normal;\">\n\t\t\t\t\t\t\t\n\t\t\t\t\t\t<\/div><!--ult_price_features--><div class=\"ult_clr\"><\/div>\n\t\t\t<\/div><!--pricing_table-->\n\t\t<\/div><!--pricing_table_wrap-->[\/vc_column][vc_column width=\u00a0\u00bb3\/4&Prime;][vc_column_text]<\/p>\n<ul>\n<li>Motocyclette l\u00e9g\u00e8re ou v\u00e9hicule de la cat\u00e9gorie L5e.<\/li>\n<\/ul>\n<p>[\/vc_column_text][\/vc_column][\/vc_row][vc_row][vc_column width=\u00a0\u00bb1\/4&Prime;]<div class=\"ult_pricing_table_wrap ult_info_table ult_design_4  ult-cs-yellow  \">\n\t\t\t\t\t<div class=\"ult_pricing_table \" style=\" \"><div id=\"Info-table-wrap-1137\" class=\"ult_pricing_heading\">\n\t\t\t\t\t\t\t<h3 class=\"ult-responsive\"  data-ultimate-target='#Info-table-wrap-1137 h3'  data-responsive-json-new='{\"font-size\":\"\",\"line-height\":\"\"}'  style=\"font-weight:normal;\">ENSEIGNEMENT<\/h3><\/div><!--ult_pricing_heading--><div id=\"info_table_features_wrap-5503\"  data-ultimate-target='#info_table_features_wrap-5503.ult_price_features'  data-responsive-json-new='{\"font-size\":\"\",\"line-height\":\"\"}'  class=\"ult-responsive ult_price_features\" style=\"font-weight:normal;\">\n\t\t\t\t\t\t\t\n\t\t\t\t\t\t<\/div><!--ult_price_features--><div class=\"ult_clr\"><\/div>\n\t\t\t<\/div><!--pricing_table-->\n\t\t<\/div><!--pricing_table_wrap-->[\/vc_column][vc_column width=\u00a0\u00bb3\/4&Prime;][vc_column_text]<\/p>\n<ul>\n<li>La formation est dispens\u00e9e par un enseignant titulaire de l&rsquo;autorisation d&rsquo;enseigner de la cat\u00e9gorie A et A1 en cours de validit\u00e9.<\/li>\n<li>Un enseignant ne peut \u00eatre autoris\u00e9 \u00e0 suivre en simultan\u00e9 que 3 \u00e9l\u00e8ves au maximum. L&rsquo;enseignant peut suivre ses \u00e9l\u00e8ves soit \u00e0 bord d&rsquo;une voiture, soit en tant que conducteur d&rsquo;une motocyclette.<\/li>\n<\/ul>\n<p>[\/vc_column_text][\/vc_column][\/vc_row][vc_row][vc_column]<div id=\"ultimate-heading-836969e06bfce89a1\" class=\"uvc-heading ult-adjust-bottom-margin ultimate-heading-836969e06bfce89a1 uvc-8831 accent-border-color uvc-heading-default-font-sizes\" data-hspacer=\"line_only\"  data-halign=\"left\" style=\"text-align:left\"><div class=\"uvc-main-heading ult-responsive\"  data-ultimate-target='.uvc-heading.ultimate-heading-836969e06bfce89a1 h2'  data-responsive-json-new='{\"font-size\":\"\",\"line-height\":\"\"}' ><h2 style=\"--font-weight:theme;\">LA FORMATION de 7 heures<\/h2><\/div><div class=\"uvc-heading-spacer line_only\" style=\"topheight:4px;\"><span class=\"uvc-headings-line\" style=\"border-style:solid;border-bottom-width:4px;border-color:#ccc;width:50px;\"><\/span><\/div><\/div>[\/vc_column][\/vc_row][vc_row][vc_column]<div class=\"ult_pricing_table_wrap ult_info_table ult_design_3  ult-cs-yellow \">\n\t\t\t\t\t<div class=\"ult_pricing_table \" style=\" \"><div id=\"Info-table-wrap-1293\" class=\"ult_pricing_heading\">\n\t\t\t\t\t\t\t<h3 class=\"ult-responsive\"  data-ultimate-target='#Info-table-wrap-1293 h3'  data-responsive-json-new='{\"font-size\":\"\",\"line-height\":\"\"}'  style=\"font-weight:normal;\">LE PROGRAMME DE FORMATION<\/h3><\/div><!--ult_pricing_heading--><div id=\"info_table_features_wrap-1107\"  data-ultimate-target='#info_table_features_wrap-1107.ult_price_features'  data-responsive-json-new='{\"font-size\":\"\",\"line-height\":\"\"}'  class=\"ult-responsive ult_price_features\" style=\"font-weight:normal;\">\n\t\t\t\t\t\t\t\n\t\t\t\t\t\t<\/div><!--ult_price_features--><div class=\"ult_clr\"><\/div>\n\t\t\t<\/div><!--pricing_table-->\n\t\t<\/div><!--pricing_table_wrap-->[\/vc_column][\/vc_row][vc_row][vc_column width=\u00a0\u00bb1\/6&Prime;]<div class=\"ult_pricing_table_wrap ult_info_table ult_design_3  ult-cs-yellow \">\n\t\t\t\t\t<div class=\"ult_pricing_table \" style=\" \"><div id=\"Info-table-wrap-5411\" class=\"ult_pricing_heading\">\n\t\t\t\t\t\t\t<h3 class=\"ult-responsive\"  data-ultimate-target='#Info-table-wrap-5411 h3'  data-responsive-json-new='{\"font-size\":\"\",\"line-height\":\"\"}'  style=\"font-weight:normal;\">S\u00c9QUENCES<\/h3><\/div><!--ult_pricing_heading--><div id=\"info_table_features_wrap-4286\"  data-ultimate-target='#info_table_features_wrap-4286.ult_price_features'  data-responsive-json-new='{\"font-size\":\"\",\"line-height\":\"\"}'  class=\"ult-responsive ult_price_features\" style=\"font-weight:normal;\">\n\t\t\t\t\t\t\t\n\t\t\t\t\t\t<\/div><!--ult_price_features--><div class=\"ult_clr\"><\/div>\n\t\t\t<\/div><!--pricing_table-->\n\t\t<\/div><!--pricing_table_wrap-->[\/vc_column][vc_column width=\u00a0\u00bb1\/6&Prime;]<div class=\"ult_pricing_table_wrap ult_info_table ult_design_3  ult-cs-yellow \">\n\t\t\t\t\t<div class=\"ult_pricing_table \" style=\" \"><div id=\"Info-table-wrap-8512\" class=\"ult_pricing_heading\">\n\t\t\t\t\t\t\t<h3 class=\"ult-responsive\"  data-ultimate-target='#Info-table-wrap-8512 h3'  data-responsive-json-new='{\"font-size\":\"\",\"line-height\":\"\"}'  style=\"font-weight:normal;\">DUR\u00c9E<\/h3><\/div><!--ult_pricing_heading--><div id=\"info_table_features_wrap-2759\"  data-ultimate-target='#info_table_features_wrap-2759.ult_price_features'  data-responsive-json-new='{\"font-size\":\"\",\"line-height\":\"\"}'  class=\"ult-responsive ult_price_features\" style=\"font-weight:normal;\">\n\t\t\t\t\t\t\t\n\t\t\t\t\t\t<\/div><!--ult_price_features--><div class=\"ult_clr\"><\/div>\n\t\t\t<\/div><!--pricing_table-->\n\t\t<\/div><!--pricing_table_wrap-->[\/vc_column][vc_column width=\u00a0\u00bb1\/6&Prime;]<div class=\"ult_pricing_table_wrap ult_info_table ult_design_3  ult-cs-yellow \">\n\t\t\t\t\t<div class=\"ult_pricing_table \" style=\" \"><div id=\"Info-table-wrap-3297\" class=\"ult_pricing_heading\">\n\t\t\t\t\t\t\t<h3 class=\"ult-responsive\"  data-ultimate-target='#Info-table-wrap-3297 h3'  data-responsive-json-new='{\"font-size\":\"\",\"line-height\":\"\"}'  style=\"font-weight:normal;\">INTITUL\u00c9<\/h3><\/div><!--ult_pricing_heading--><div id=\"info_table_features_wrap-3199\"  data-ultimate-target='#info_table_features_wrap-3199.ult_price_features'  data-responsive-json-new='{\"font-size\":\"\",\"line-height\":\"\"}'  class=\"ult-responsive ult_price_features\" style=\"font-weight:normal;\">\n\t\t\t\t\t\t\t\n\t\t\t\t\t\t<\/div><!--ult_price_features--><div class=\"ult_clr\"><\/div>\n\t\t\t<\/div><!--pricing_table-->\n\t\t<\/div><!--pricing_table_wrap-->[\/vc_column][vc_column width=\u00a0\u00bb1\/2&Prime;]<div class=\"ult_pricing_table_wrap ult_info_table ult_design_3  ult-cs-yellow \">\n\t\t\t\t\t<div class=\"ult_pricing_table \" style=\" \"><div id=\"Info-table-wrap-7851\" class=\"ult_pricing_heading\">\n\t\t\t\t\t\t\t<h3 class=\"ult-responsive\"  data-ultimate-target='#Info-table-wrap-7851 h3'  data-responsive-json-new='{\"font-size\":\"\",\"line-height\":\"\"}'  style=\"font-weight:normal;\">CONTENU<\/h3><\/div><!--ult_pricing_heading--><div id=\"info_table_features_wrap-1779\"  data-ultimate-target='#info_table_features_wrap-1779.ult_price_features'  data-responsive-json-new='{\"font-size\":\"\",\"line-height\":\"\"}'  class=\"ult-responsive ult_price_features\" style=\"font-weight:normal;\">\n\t\t\t\t\t\t\t\n\t\t\t\t\t\t<\/div><!--ult_price_features--><div class=\"ult_clr\"><\/div>\n\t\t\t<\/div><!--pricing_table-->\n\t\t<\/div><!--pricing_table_wrap-->[\/vc_column][\/vc_row][vc_row][vc_column width=\u00a0\u00bb1\/6&Prime;]<div class=\"ult_pricing_table_wrap ult_info_table ult_design_4  ult-cs-yellow  \">\n\t\t\t\t\t<div class=\"ult_pricing_table \" style=\" \"><div id=\"Info-table-wrap-9116\" class=\"ult_pricing_heading\">\n\t\t\t\t\t\t\t<h3 class=\"ult-responsive\"  data-ultimate-target='#Info-table-wrap-9116 h3'  data-responsive-json-new='{\"font-size\":\"\",\"line-height\":\"\"}'  style=\"font-weight:normal;\">S\u00e9quence 1<\/h3><\/div><!--ult_pricing_heading--><div id=\"info_table_features_wrap-3639\"  data-ultimate-target='#info_table_features_wrap-3639.ult_price_features'  data-responsive-json-new='{\"font-size\":\"\",\"line-height\":\"\"}'  class=\"ult-responsive ult_price_features\" style=\"font-weight:normal;\">\n\t\t\t\t\t\t\t\n\t\t\t\t\t\t<\/div><!--ult_price_features--><div class=\"ult_clr\"><\/div>\n\t\t\t<\/div><!--pricing_table-->\n\t\t<\/div><!--pricing_table_wrap-->[\/vc_column][vc_column width=\u00a0\u00bb1\/6&Prime;]<div class=\"ult_pricing_table_wrap ult_info_table ult_design_4  ult-cs-yellow  \">\n\t\t\t\t\t<div class=\"ult_pricing_table \" style=\" \"><div id=\"Info-table-wrap-5768\" class=\"ult_pricing_heading\">\n\t\t\t\t\t\t\t<h3 class=\"ult-responsive\"  data-ultimate-target='#Info-table-wrap-5768 h3'  data-responsive-json-new='{\"font-size\":\"\",\"line-height\":\"\"}'  style=\"font-weight:normal;\">2h00<\/h3><\/div><!--ult_pricing_heading--><div id=\"info_table_features_wrap-9458\"  data-ultimate-target='#info_table_features_wrap-9458.ult_price_features'  data-responsive-json-new='{\"font-size\":\"\",\"line-height\":\"\"}'  class=\"ult-responsive ult_price_features\" style=\"font-weight:normal;\">\n\t\t\t\t\t\t\t\n\t\t\t\t\t\t<\/div><!--ult_price_features--><div class=\"ult_clr\"><\/div>\n\t\t\t<\/div><!--pricing_table-->\n\t\t<\/div><!--pricing_table_wrap-->[\/vc_column][vc_column width=\u00a0\u00bb1\/6&Prime;]<div class=\"ult_pricing_table_wrap ult_info_table ult_design_4  ult-cs-yellow  \">\n\t\t\t\t\t<div class=\"ult_pricing_table \" style=\" \"><div id=\"Info-table-wrap-3231\" class=\"ult_pricing_heading\">\n\t\t\t\t\t\t\t<h3 class=\"ult-responsive\"  data-ultimate-target='#Info-table-wrap-3231 h3'  data-responsive-json-new='{\"font-size\":\"\",\"line-height\":\"\"}'  style=\"font-weight:normal;\">Module th\u00e9orique<\/h3><\/div><!--ult_pricing_heading--><div id=\"info_table_features_wrap-5242\"  data-ultimate-target='#info_table_features_wrap-5242.ult_price_features'  data-responsive-json-new='{\"font-size\":\"\",\"line-height\":\"\"}'  class=\"ult-responsive ult_price_features\" style=\"font-weight:normal;\">\n\t\t\t\t\t\t\t\n\t\t\t\t\t\t<\/div><!--ult_price_features--><div class=\"ult_clr\"><\/div>\n\t\t\t<\/div><!--pricing_table-->\n\t\t<\/div><!--pricing_table_wrap-->[\/vc_column][vc_column width=\u00a0\u00bb1\/2&Prime;]<div class=\"ult_pricing_table_wrap ult_info_table ult_design_4  ult-cs-yellow  \">\n\t\t\t\t\t<div class=\"ult_pricing_table \" style=\" \"><div id=\"Info-table-wrap-9734\" class=\"ult_pricing_heading\">\n\t\t\t\t\t\t\t<h3 class=\"ult-responsive\"  data-ultimate-target='#Info-table-wrap-9734 h3'  data-responsive-json-new='{\"font-size\":\"\",\"line-height\":\"\"}'  style=\"font-weight:normal;\">Appr\u00e9hender notamment les accidents les plus fr\u00e9quents, la conduite sous la pluie ou de nuit, la n\u00e9cessit\u00e9 d'\u00eatre \u00e9quip\u00e9 de v\u00eatements protecteurs<\/h3><\/div><!--ult_pricing_heading--><div id=\"info_table_features_wrap-3266\"  data-ultimate-target='#info_table_features_wrap-3266.ult_price_features'  data-responsive-json-new='{\"font-size\":\"\",\"line-height\":\"\"}'  class=\"ult-responsive ult_price_features\" style=\"font-weight:normal;\">\n\t\t\t\t\t\t\t\n\t\t\t\t\t\t<\/div><!--ult_price_features--><div class=\"ult_clr\"><\/div>\n\t\t\t<\/div><!--pricing_table-->\n\t\t<\/div><!--pricing_table_wrap-->[\/vc_column][\/vc_row][vc_row][vc_column width=\u00a0\u00bb1\/6&Prime;]<div class=\"ult_pricing_table_wrap ult_info_table ult_design_4  ult-cs-yellow  \">\n\t\t\t\t\t<div class=\"ult_pricing_table \" style=\" \"><div id=\"Info-table-wrap-2331\" class=\"ult_pricing_heading\">\n\t\t\t\t\t\t\t<h3 class=\"ult-responsive\"  data-ultimate-target='#Info-table-wrap-2331 h3'  data-responsive-json-new='{\"font-size\":\"\",\"line-height\":\"\"}'  style=\"font-weight:normal;\">S\u00e9quence 2<\/h3><\/div><!--ult_pricing_heading--><div id=\"info_table_features_wrap-8484\"  data-ultimate-target='#info_table_features_wrap-8484.ult_price_features'  data-responsive-json-new='{\"font-size\":\"\",\"line-height\":\"\"}'  class=\"ult-responsive ult_price_features\" style=\"font-weight:normal;\">\n\t\t\t\t\t\t\t\n\t\t\t\t\t\t<\/div><!--ult_price_features--><div class=\"ult_clr\"><\/div>\n\t\t\t<\/div><!--pricing_table-->\n\t\t<\/div><!--pricing_table_wrap-->[\/vc_column][vc_column width=\u00a0\u00bb1\/6&Prime;]<div class=\"ult_pricing_table_wrap ult_info_table ult_design_4  ult-cs-yellow  \">\n\t\t\t\t\t<div class=\"ult_pricing_table \" style=\" \"><div id=\"Info-table-wrap-9783\" class=\"ult_pricing_heading\">\n\t\t\t\t\t\t\t<h3 class=\"ult-responsive\"  data-ultimate-target='#Info-table-wrap-9783 h3'  data-responsive-json-new='{\"font-size\":\"\",\"line-height\":\"\"}'  style=\"font-weight:normal;\">2h00<\/h3><\/div><!--ult_pricing_heading--><div id=\"info_table_features_wrap-1442\"  data-ultimate-target='#info_table_features_wrap-1442.ult_price_features'  data-responsive-json-new='{\"font-size\":\"\",\"line-height\":\"\"}'  class=\"ult-responsive ult_price_features\" style=\"font-weight:normal;\">\n\t\t\t\t\t\t\t\n\t\t\t\t\t\t<\/div><!--ult_price_features--><div class=\"ult_clr\"><\/div>\n\t\t\t<\/div><!--pricing_table-->\n\t\t<\/div><!--pricing_table_wrap-->[\/vc_column][vc_column width=\u00a0\u00bb1\/6&Prime;]<div class=\"ult_pricing_table_wrap ult_info_table ult_design_4  ult-cs-yellow  \">\n\t\t\t\t\t<div class=\"ult_pricing_table \" style=\" \"><div id=\"Info-table-wrap-5912\" class=\"ult_pricing_heading\">\n\t\t\t\t\t\t\t<h3 class=\"ult-responsive\"  data-ultimate-target='#Info-table-wrap-5912 h3'  data-responsive-json-new='{\"font-size\":\"\",\"line-height\":\"\"}'  style=\"font-weight:normal;\">Module hors-circulation<\/h3><\/div><!--ult_pricing_heading--><div id=\"info_table_features_wrap-2791\"  data-ultimate-target='#info_table_features_wrap-2791.ult_price_features'  data-responsive-json-new='{\"font-size\":\"\",\"line-height\":\"\"}'  class=\"ult-responsive ult_price_features\" style=\"font-weight:normal;\">\n\t\t\t\t\t\t\t\n\t\t\t\t\t\t<\/div><!--ult_price_features--><div class=\"ult_clr\"><\/div>\n\t\t\t<\/div><!--pricing_table-->\n\t\t<\/div><!--pricing_table_wrap-->[\/vc_column][vc_column width=\u00a0\u00bb1\/2&Prime;]<div class=\"ult_pricing_table_wrap ult_info_table ult_design_4  ult-cs-yellow  \">\n\t\t\t\t\t<div class=\"ult_pricing_table \" style=\" \"><div id=\"Info-table-wrap-2330\" class=\"ult_pricing_heading\">\n\t\t\t\t\t\t\t<h3 class=\"ult-responsive\"  data-ultimate-target='#Info-table-wrap-2330 h3'  data-responsive-json-new='{\"font-size\":\"\",\"line-height\":\"\"}'  style=\"font-weight:normal;\">D\u00e9couvrir le v\u00e9hicule et ses caract\u00e9ristiques.<\/h3><\/div><!--ult_pricing_heading--><div id=\"info_table_features_wrap-2366\"  data-ultimate-target='#info_table_features_wrap-2366.ult_price_features'  data-responsive-json-new='{\"font-size\":\"\",\"line-height\":\"\"}'  class=\"ult-responsive ult_price_features\" style=\"font-weight:normal;\">\n\t\t\t\t\t\t\t\n\t\t\t\t\t\t<\/div><!--ult_price_features--><div class=\"ult_clr\"><\/div>\n\t\t\t<\/div><!--pricing_table-->\n\t\t<\/div><!--pricing_table_wrap-->[\/vc_column][\/vc_row][vc_row][vc_column width=\u00a0\u00bb1\/6&Prime;]<div class=\"ult_pricing_table_wrap ult_info_table ult_design_4  ult-cs-yellow  \">\n\t\t\t\t\t<div class=\"ult_pricing_table \" style=\" \"><div id=\"Info-table-wrap-4837\" class=\"ult_pricing_heading\">\n\t\t\t\t\t\t\t<h3 class=\"ult-responsive\"  data-ultimate-target='#Info-table-wrap-4837 h3'  data-responsive-json-new='{\"font-size\":\"\",\"line-height\":\"\"}'  style=\"font-weight:normal;\">S\u00e9quence 3<\/h3><\/div><!--ult_pricing_heading--><div id=\"info_table_features_wrap-3571\"  data-ultimate-target='#info_table_features_wrap-3571.ult_price_features'  data-responsive-json-new='{\"font-size\":\"\",\"line-height\":\"\"}'  class=\"ult-responsive ult_price_features\" style=\"font-weight:normal;\">\n\t\t\t\t\t\t\t\n\t\t\t\t\t\t<\/div><!--ult_price_features--><div class=\"ult_clr\"><\/div>\n\t\t\t<\/div><!--pricing_table-->\n\t\t<\/div><!--pricing_table_wrap-->[\/vc_column][vc_column width=\u00a0\u00bb1\/6&Prime;]<div class=\"ult_pricing_table_wrap ult_info_table ult_design_4  ult-cs-yellow  \">\n\t\t\t\t\t<div class=\"ult_pricing_table \" style=\" \"><div id=\"Info-table-wrap-3574\" class=\"ult_pricing_heading\">\n\t\t\t\t\t\t\t<h3 class=\"ult-responsive\"  data-ultimate-target='#Info-table-wrap-3574 h3'  data-responsive-json-new='{\"font-size\":\"\",\"line-height\":\"\"}'  style=\"font-weight:normal;\">3h00<\/h3><\/div><!--ult_pricing_heading--><div id=\"info_table_features_wrap-9793\"  data-ultimate-target='#info_table_features_wrap-9793.ult_price_features'  data-responsive-json-new='{\"font-size\":\"\",\"line-height\":\"\"}'  class=\"ult-responsive ult_price_features\" style=\"font-weight:normal;\">\n\t\t\t\t\t\t\t\n\t\t\t\t\t\t<\/div><!--ult_price_features--><div class=\"ult_clr\"><\/div>\n\t\t\t<\/div><!--pricing_table-->\n\t\t<\/div><!--pricing_table_wrap-->[\/vc_column][vc_column width=\u00a0\u00bb1\/6&Prime;]<div class=\"ult_pricing_table_wrap ult_info_table ult_design_4  ult-cs-yellow  \">\n\t\t\t\t\t<div class=\"ult_pricing_table \" style=\" \"><div id=\"Info-table-wrap-5473\" class=\"ult_pricing_heading\">\n\t\t\t\t\t\t\t<h3 class=\"ult-responsive\"  data-ultimate-target='#Info-table-wrap-5473 h3'  data-responsive-json-new='{\"font-size\":\"\",\"line-height\":\"\"}'  style=\"font-weight:normal;\">Module circulation<\/h3><\/div><!--ult_pricing_heading--><div id=\"info_table_features_wrap-3973\"  data-ultimate-target='#info_table_features_wrap-3973.ult_price_features'  data-responsive-json-new='{\"font-size\":\"\",\"line-height\":\"\"}'  class=\"ult-responsive ult_price_features\" style=\"font-weight:normal;\">\n\t\t\t\t\t\t\t\n\t\t\t\t\t\t<\/div><!--ult_price_features--><div class=\"ult_clr\"><\/div>\n\t\t\t<\/div><!--pricing_table-->\n\t\t<\/div><!--pricing_table_wrap-->[\/vc_column][vc_column width=\u00a0\u00bb1\/2&Prime;]<div class=\"ult_pricing_table_wrap ult_info_table ult_design_4  ult-cs-yellow  \">\n\t\t\t\t\t<div class=\"ult_pricing_table \" style=\" \"><div id=\"Info-table-wrap-4937\" class=\"ult_pricing_heading\">\n\t\t\t\t\t\t\t<h3 class=\"ult-responsive\"  data-ultimate-target='#Info-table-wrap-4937 h3'  data-responsive-json-new='{\"font-size\":\"\",\"line-height\":\"\"}'  style=\"font-weight:normal;\">Adapter votre vitesse aux conditions de circulation et aux autres usagers de la route (en et hors agglom\u00e9ration).<\/h3><\/div><!--ult_pricing_heading--><div id=\"info_table_features_wrap-8841\"  data-ultimate-target='#info_table_features_wrap-8841.ult_price_features'  data-responsive-json-new='{\"font-size\":\"\",\"line-height\":\"\"}'  class=\"ult-responsive ult_price_features\" style=\"font-weight:normal;\">\n\t\t\t\t\t\t\t\n\t\t\t\t\t\t<\/div><!--ult_price_features--><div class=\"ult_clr\"><\/div>\n\t\t\t<\/div><!--pricing_table-->\n\t\t<\/div><!--pricing_table_wrap-->[\/vc_column][\/vc_row][vc_row][vc_column][vc_column_text]\u00c0 la fin de la formation, une attestation est remise par votre auto \u00e9cole. L&rsquo;attestation est valable sur le seul territoire national et doit \u00eatre pr\u00e9sent\u00e9e \u00e0 toute r\u00e9quisition des agents de l&rsquo;autorit\u00e9 comp\u00e9tente en compl\u00e9ment du permis de conduire en cours de validit\u00e9.[\/vc_column_text][\/vc_column][\/vc_row]<\/p>\n","protected":false},"excerpt":{"rendered":"<p>[vc_row css=\u00a0\u00bb.vc_custom_1678722370488{margin-bottom: 20px !important;}\u00a0\u00bb][vc_column][vc_column_text]\u00c0 l&rsquo;issue de la formation, le conducteur doit \u00eatre en capacit\u00e9 d&rsquo;utiliser, en s\u00e9curit\u00e9, de motocyclettes l\u00e9g\u00e8res et des v\u00e9hicules de la cat\u00e9gorie L5e.[\/vc_column_text][\/vc_column][\/vc_row][vc_row][vc_column][vc_column_text] QUAND PUIS-JE SUIVRE LA FORMATION ? La formation peut \u00eatre suivie un mois avant la date anniversaire des deux ans d&rsquo;obtention de la cat\u00e9gorie B du permis de&hellip;<\/p>\n","protected":false},"author":1,"featured_media":0,"parent":27,"menu_order":0,"comment_status":"closed","ping_status":"closed","template":"","meta":{"footnotes":""},"class_list":["post-1380","page","type-page","status-publish","hentry","description-off"],"aioseo_notices":[],"_links":{"self":[{"href":"https:\/\/auto-ecole-nevers.com\/index.php?rest_route=\/wp\/v2\/pages\/1380","targetHints":{"allow":["GET"]}}],"collection":[{"href":"https:\/\/auto-ecole-nevers.com\/index.php?rest_route=\/wp\/v2\/pages"}],"about":[{"href":"https:\/\/auto-ecole-nevers.com\/index.php?rest_route=\/wp\/v2\/types\/page"}],"author":[{"embeddable":true,"href":"https:\/\/auto-ecole-nevers.com\/index.php?rest_route=\/wp\/v2\/users\/1"}],"replies":[{"embeddable":true,"href":"https:\/\/auto-ecole-nevers.com\/index.php?rest_route=%2Fwp%2Fv2%2Fcomments&post=1380"}],"version-history":[{"count":29,"href":"https:\/\/auto-ecole-nevers.com\/index.php?rest_route=\/wp\/v2\/pages\/1380\/revisions"}],"predecessor-version":[{"id":1486,"href":"https:\/\/auto-ecole-nevers.com\/index.php?rest_route=\/wp\/v2\/pages\/1380\/revisions\/1486"}],"up":[{"embeddable":true,"href":"https:\/\/auto-ecole-nevers.com\/index.php?rest_route=\/wp\/v2\/pages\/27"}],"wp:attachment":[{"href":"https:\/\/auto-ecole-nevers.com\/index.php?rest_route=%2Fwp%2Fv2%2Fmedia&parent=1380"}],"curies":[{"name":"wp","href":"https:\/\/api.w.org\/{rel}","templated":true}]}}