{"id":1375,"date":"2023-03-18T10:11:58","date_gmt":"2023-03-18T10:11:58","guid":{"rendered":"https:\/\/auto-ecole-nevers.com\/?page_id=1375"},"modified":"2023-03-22T16:52:23","modified_gmt":"2023-03-22T16:52:23","slug":"boite-automatique-vers-manuelle","status":"publish","type":"page","link":"https:\/\/auto-ecole-nevers.com\/?page_id=1375","title":{"rendered":"Bo\u00eete automatique vers manuelle"},"content":{"rendered":"<p>[vc_row css=\u00a0\u00bb.vc_custom_1678722370488{margin-bottom: 20px !important;}\u00a0\u00bb][vc_column]<div id=\"ultimate-heading-688669e1024af2e0a\" class=\"uvc-heading ult-adjust-bottom-margin ultimate-heading-688669e1024af2e0a uvc-2208 accent-border-color uvc-heading-default-font-sizes\" data-hspacer=\"line_only\"  data-halign=\"left\" style=\"text-align:left\"><div class=\"uvc-main-heading ult-responsive\"  data-ultimate-target='.uvc-heading.ultimate-heading-688669e1024af2e0a h2'  data-responsive-json-new='{\"font-size\":\"\",\"line-height\":\"\"}' ><h2 style=\"--font-weight:theme;\">OBJECTIFS de la formation<\/h2><\/div><div class=\"uvc-heading-spacer line_only\" style=\"topheight:4px;\"><span class=\"uvc-headings-line\" style=\"border-style:solid;border-bottom-width:4px;border-color:#f6f7f7;width:50px;\"><\/span><\/div><\/div>[\/vc_column][\/vc_row][vc_row][vc_column][vc_column_text]\u00c0 l&rsquo;issue de la formation, le conducteur doit \u00eatre en capacit\u00e9 d&rsquo;utiliser, en s\u00e9curit\u00e9, un v\u00e9hicule muni d&rsquo;un changement de vitesse manuel de fa\u00e7on simultan\u00e9e avec les autres t\u00e2ches de conduite[\/vc_column_text][\/vc_column][\/vc_row][vc_row][vc_column][vc_column_text]<\/p>\n<h3>QUAND PUIS-JE SUIVRE LA FORMATION ?<\/h3>\n<p>Pour pouvoir suivre cette formation, vous devez attendre 3 mois apr\u00e8s l&rsquo;obtention de votre permis de conduire B boite automatique.[\/vc_column_text][\/vc_column][\/vc_row][vc_row css=\u00a0\u00bb.vc_custom_1678722370488{margin-bottom: 20px !important;}\u00a0\u00bb][vc_column]<div id=\"ultimate-heading-60969e1024af2e48\" class=\"uvc-heading ult-adjust-bottom-margin ultimate-heading-60969e1024af2e48 uvc-5881 accent-border-color uvc-heading-default-font-sizes\" data-hspacer=\"line_only\"  data-halign=\"left\" style=\"text-align:left\"><div class=\"uvc-main-heading ult-responsive\"  data-ultimate-target='.uvc-heading.ultimate-heading-60969e1024af2e48 h2'  data-responsive-json-new='{\"font-size\":\"\",\"line-height\":\"\"}' ><h2 style=\"--font-weight:theme;\">CARACT\u00c9RISTIQUES<\/h2><\/div><div class=\"uvc-heading-spacer line_only\" style=\"topheight:4px;\"><span class=\"uvc-headings-line\" style=\"border-style:solid;border-bottom-width:4px;border-color:#f6f7f7;width:50px;\"><\/span><\/div><\/div>[\/vc_column][\/vc_row][vc_row][vc_column]<div class=\"ult_pricing_table_wrap ult_info_table ult_design_3  ult-cs-yellow fORMATION DISPENS\u00c9E\">\n\t\t\t\t\t<div class=\"ult_pricing_table \" style=\" \"><div id=\"Info-table-wrap-4956\" class=\"ult_pricing_heading\">\n\t\t\t\t\t\t\t<h3 class=\"ult-responsive\"  data-ultimate-target='#Info-table-wrap-4956 h3'  data-responsive-json-new='{\"font-size\":\"\",\"line-height\":\"\"}'  style=\"font-weight:normal;\">FORMATION DISPENS\u00c9E<\/h3><\/div><!--ult_pricing_heading--><div id=\"info_table_features_wrap-3583\"  data-ultimate-target='#info_table_features_wrap-3583.ult_price_features'  data-responsive-json-new='{\"font-size\":\"\",\"line-height\":\"\"}'  class=\"ult-responsive ult_price_features\" style=\"font-weight:normal;\">\n\t\t\t\t\t\t\t\n\t\t\t\t\t\t<\/div><!--ult_price_features--><div class=\"ult_clr\"><\/div>\n\t\t\t<\/div><!--pricing_table-->\n\t\t<\/div><!--pricing_table_wrap-->[\/vc_column][\/vc_row][vc_row][vc_column width=\u00a0\u00bb1\/3&Prime;]<div class=\"ult_pricing_table_wrap ult_info_table ult_design_4  ult-cs-yellow  \">\n\t\t\t\t\t<div class=\"ult_pricing_table \" style=\" \"><div id=\"Info-table-wrap-7862\" class=\"ult_pricing_heading\">\n\t\t\t\t\t\t\t<h3 class=\"ult-responsive\"  data-ultimate-target='#Info-table-wrap-7862 h3'  data-responsive-json-new='{\"font-size\":\"\",\"line-height\":\"\"}'  style=\"font-weight:normal;\">V\u00c9HICULE UTILIS\u00c9<\/h3><\/div><!--ult_pricing_heading--><div id=\"info_table_features_wrap-2429\"  data-ultimate-target='#info_table_features_wrap-2429.ult_price_features'  data-responsive-json-new='{\"font-size\":\"\",\"line-height\":\"\"}'  class=\"ult-responsive ult_price_features\" style=\"font-weight:normal;\">\n\t\t\t\t\t\t\t\n\t\t\t\t\t\t<\/div><!--ult_price_features--><div class=\"ult_clr\"><\/div>\n\t\t\t<\/div><!--pricing_table-->\n\t\t<\/div><!--pricing_table_wrap-->[\/vc_column][vc_column width=\u00a0\u00bb2\/3&Prime;][vc_column_text]<\/p>\n<ul>\n<li>Cat\u00e9gorie B, \u00e0 changement de vitesses manuel<\/li>\n<li>Appartenant \u00e0 l&rsquo;etablissement<\/li>\n<\/ul>\n<p>[\/vc_column_text][\/vc_column][\/vc_row][vc_row][vc_column width=\u00a0\u00bb1\/3&Prime;]<div class=\"ult_pricing_table_wrap ult_info_table ult_design_4  ult-cs-yellow  \">\n\t\t\t\t\t<div class=\"ult_pricing_table \" style=\" \"><div id=\"Info-table-wrap-5303\" class=\"ult_pricing_heading\">\n\t\t\t\t\t\t\t<h3 class=\"ult-responsive\"  data-ultimate-target='#Info-table-wrap-5303 h3'  data-responsive-json-new='{\"font-size\":\"\",\"line-height\":\"\"}'  style=\"font-weight:normal;\">RENSEIGNEMENTS<\/h3><\/div><!--ult_pricing_heading--><div id=\"info_table_features_wrap-6245\"  data-ultimate-target='#info_table_features_wrap-6245.ult_price_features'  data-responsive-json-new='{\"font-size\":\"\",\"line-height\":\"\"}'  class=\"ult-responsive ult_price_features\" style=\"font-weight:normal;\">\n\t\t\t\t\t\t\t\n\t\t\t\t\t\t<\/div><!--ult_price_features--><div class=\"ult_clr\"><\/div>\n\t\t\t<\/div><!--pricing_table-->\n\t\t<\/div><!--pricing_table_wrap-->[\/vc_column][vc_column width=\u00a0\u00bb2\/3&Prime;][vc_column_text]<\/p>\n<ul>\n<li>La formation est pratique et individuelle.<\/li>\n<li>Des apports th\u00e9orique sont d\u00e9livr\u00e9s par l&rsquo;enseignant, \u00e0 bord du v\u00e9hicule.<\/li>\n<li>La formation est dispens\u00e9e par un enseignant dela conduite et de la s\u00e9curit\u00e9 routi\u00e8re titulaire de l&rsquo;autorisation d&rsquo;enseigner la conduite.<\/li>\n<li>Une partie de la s\u00e9quence 1 (trafic nul ou faible), limit\u00e9e \u00e0 une heure, peut \u00eatre r\u00e9alis\u00e9e sur simulateur, notamment pour apprendre \u00e0 utiliser la boite de\u00a0 vitesses manuelle.<\/li>\n<\/ul>\n<p>[\/vc_column_text][\/vc_column][\/vc_row][vc_row][vc_column]<div class=\"ult_pricing_table_wrap ult_info_table ult_design_3  ult-cs-yellow \">\n\t\t\t\t\t<div class=\"ult_pricing_table \" style=\" \"><div id=\"Info-table-wrap-8338\" class=\"ult_pricing_heading\">\n\t\t\t\t\t\t\t<h3 class=\"ult-responsive\"  data-ultimate-target='#Info-table-wrap-8338 h3'  data-responsive-json-new='{\"font-size\":\"\",\"line-height\":\"\"}'  style=\"font-weight:normal;\">LE PROGRAMME DE FORMATION<\/h3><\/div><!--ult_pricing_heading--><div id=\"info_table_features_wrap-3698\"  data-ultimate-target='#info_table_features_wrap-3698.ult_price_features'  data-responsive-json-new='{\"font-size\":\"\",\"line-height\":\"\"}'  class=\"ult-responsive ult_price_features\" style=\"font-weight:normal;\">\n\t\t\t\t\t\t\t\n\t\t\t\t\t\t<\/div><!--ult_price_features--><div class=\"ult_clr\"><\/div>\n\t\t\t<\/div><!--pricing_table-->\n\t\t<\/div><!--pricing_table_wrap-->[\/vc_column][\/vc_row][vc_row][vc_column width=\u00a0\u00bb1\/6&Prime;]<div class=\"ult_pricing_table_wrap ult_info_table ult_design_3  ult-cs-yellow \">\n\t\t\t\t\t<div class=\"ult_pricing_table \" style=\" \"><div id=\"Info-table-wrap-2317\" class=\"ult_pricing_heading\">\n\t\t\t\t\t\t\t<h3 class=\"ult-responsive\"  data-ultimate-target='#Info-table-wrap-2317 h3'  data-responsive-json-new='{\"font-size\":\"\",\"line-height\":\"\"}'  style=\"font-weight:normal;\">S\u00c9QUENCES<\/h3><\/div><!--ult_pricing_heading--><div id=\"info_table_features_wrap-9512\"  data-ultimate-target='#info_table_features_wrap-9512.ult_price_features'  data-responsive-json-new='{\"font-size\":\"\",\"line-height\":\"\"}'  class=\"ult-responsive ult_price_features\" style=\"font-weight:normal;\">\n\t\t\t\t\t\t\t\n\t\t\t\t\t\t<\/div><!--ult_price_features--><div class=\"ult_clr\"><\/div>\n\t\t\t<\/div><!--pricing_table-->\n\t\t<\/div><!--pricing_table_wrap-->[\/vc_column][vc_column width=\u00a0\u00bb1\/6&Prime;]<div class=\"ult_pricing_table_wrap ult_info_table ult_design_3  ult-cs-yellow \">\n\t\t\t\t\t<div class=\"ult_pricing_table \" style=\" \"><div id=\"Info-table-wrap-7276\" class=\"ult_pricing_heading\">\n\t\t\t\t\t\t\t<h3 class=\"ult-responsive\"  data-ultimate-target='#Info-table-wrap-7276 h3'  data-responsive-json-new='{\"font-size\":\"\",\"line-height\":\"\"}'  style=\"font-weight:normal;\">DUR\u00c9E<\/h3><\/div><!--ult_pricing_heading--><div id=\"info_table_features_wrap-2735\"  data-ultimate-target='#info_table_features_wrap-2735.ult_price_features'  data-responsive-json-new='{\"font-size\":\"\",\"line-height\":\"\"}'  class=\"ult-responsive ult_price_features\" style=\"font-weight:normal;\">\n\t\t\t\t\t\t\t\n\t\t\t\t\t\t<\/div><!--ult_price_features--><div class=\"ult_clr\"><\/div>\n\t\t\t<\/div><!--pricing_table-->\n\t\t<\/div><!--pricing_table_wrap-->[\/vc_column][vc_column width=\u00a0\u00bb1\/6&Prime;]<div class=\"ult_pricing_table_wrap ult_info_table ult_design_3  ult-cs-yellow \">\n\t\t\t\t\t<div class=\"ult_pricing_table \" style=\" \"><div id=\"Info-table-wrap-7746\" class=\"ult_pricing_heading\">\n\t\t\t\t\t\t\t<h3 class=\"ult-responsive\"  data-ultimate-target='#Info-table-wrap-7746 h3'  data-responsive-json-new='{\"font-size\":\"\",\"line-height\":\"\"}'  style=\"font-weight:normal;\">INTITUL\u00c9<\/h3><\/div><!--ult_pricing_heading--><div id=\"info_table_features_wrap-1207\"  data-ultimate-target='#info_table_features_wrap-1207.ult_price_features'  data-responsive-json-new='{\"font-size\":\"\",\"line-height\":\"\"}'  class=\"ult-responsive ult_price_features\" style=\"font-weight:normal;\">\n\t\t\t\t\t\t\t\n\t\t\t\t\t\t<\/div><!--ult_price_features--><div class=\"ult_clr\"><\/div>\n\t\t\t<\/div><!--pricing_table-->\n\t\t<\/div><!--pricing_table_wrap-->[\/vc_column][vc_column width=\u00a0\u00bb1\/2&Prime;]<div class=\"ult_pricing_table_wrap ult_info_table ult_design_3  ult-cs-yellow \">\n\t\t\t\t\t<div class=\"ult_pricing_table \" style=\" \"><div id=\"Info-table-wrap-5856\" class=\"ult_pricing_heading\">\n\t\t\t\t\t\t\t<h3 class=\"ult-responsive\"  data-ultimate-target='#Info-table-wrap-5856 h3'  data-responsive-json-new='{\"font-size\":\"\",\"line-height\":\"\"}'  style=\"font-weight:normal;\">CONTENU<\/h3><\/div><!--ult_pricing_heading--><div id=\"info_table_features_wrap-6560\"  data-ultimate-target='#info_table_features_wrap-6560.ult_price_features'  data-responsive-json-new='{\"font-size\":\"\",\"line-height\":\"\"}'  class=\"ult-responsive ult_price_features\" style=\"font-weight:normal;\">\n\t\t\t\t\t\t\t\n\t\t\t\t\t\t<\/div><!--ult_price_features--><div class=\"ult_clr\"><\/div>\n\t\t\t<\/div><!--pricing_table-->\n\t\t<\/div><!--pricing_table_wrap-->[\/vc_column][\/vc_row][vc_row][vc_column width=\u00a0\u00bb1\/6&Prime;][vc_column_text]<\/p>\n<p style=\"text-align: center;\">S\u00e9quence 1<\/p>\n<p>[\/vc_column_text][\/vc_column][vc_column width=\u00a0\u00bb1\/6&Prime;][vc_column_text]<\/p>\n<p style=\"text-align: center;\">2h00<\/p>\n<p>[\/vc_column_text][\/vc_column][vc_column width=\u00a0\u00bb1\/6&Prime;][vc_column_text]Trafic nul ou faible[\/vc_column_text][\/vc_column][vc_column width=\u00a0\u00bb1\/2&Prime;][vc_column_text]<\/p>\n<ul>\n<li>Comprendre le principe du point de patinage, de l&#8217;embrayage et assurer sa mise en oeuvre.<\/li>\n<li>\u00catre en capacit\u00e9 de r\u00e9aliser un d\u00e9marrage en c\u00f4te en toute s\u00e9curit\u00e9.<\/li>\n<\/ul>\n<p>[\/vc_column_text][\/vc_column][\/vc_row][vc_row][vc_column width=\u00a0\u00bb1\/6&Prime;][vc_column_text]<\/p>\n<p style=\"text-align: center;\">S\u00e9quence 2<\/p>\n<p>[\/vc_column_text][\/vc_column][vc_column width=\u00a0\u00bb1\/6&Prime;][vc_column_text]<\/p>\n<p style=\"text-align: center;\">5h00.<\/p>\n<p>[\/vc_column_text][\/vc_column][vc_column width=\u00a0\u00bb1\/6&Prime;][vc_column_text]<\/p>\n<p style=\"text-align: center;\">Conditions de circullation vari\u00e9es, simples et complexes<\/p>\n<p>[\/vc_column_text][\/vc_column][vc_column width=\u00a0\u00bb1\/2&Prime;][vc_column_text]<\/p>\n<ul>\n<li>Savoir utiliser la boite de vitesses manuelle de fa\u00e7on rationnelle et en toute s\u00e9curit\u00e9 dans les conditions de circulation pr\u00e9cit\u00e9es et adopter les techniques de l&rsquo;\u00e9co-conduite.<\/li>\n<li>\u00catre en capacit\u00e9 de diriger le v\u00e9hicule en adaptant l&rsquo;allure et la trajectoire \u00e0 l&rsquo;environnement et aux conditions de circulation.<\/li>\n<\/ul>\n<p>[\/vc_column_text][\/vc_column][\/vc_row][vc_row][vc_column][vc_column_text]\u00c0 la fin de la formation, une attestation est remise par votre auto-\u00e9cole. Ellen ne permet de conduire un v\u00e9hicule muni d&rsquo;un changement de vitesses manuel qu&rsquo;\u00e0 compter du jour o\u00f9 vous \u00eates en possession du tire de conduite d\u00e9finitif.[\/vc_column_text][\/vc_column][\/vc_row]<\/p>\n","protected":false},"excerpt":{"rendered":"<p>[vc_row css=\u00a0\u00bb.vc_custom_1678722370488{margin-bottom: 20px !important;}\u00a0\u00bb][vc_column][\/vc_column][\/vc_row][vc_row][vc_column][vc_column_text]\u00c0 l&rsquo;issue de la formation, le conducteur doit \u00eatre en capacit\u00e9 d&rsquo;utiliser, en s\u00e9curit\u00e9, un v\u00e9hicule muni d&rsquo;un changement de vitesse manuel de fa\u00e7on simultan\u00e9e avec les autres t\u00e2ches de conduite[\/vc_column_text][\/vc_column][\/vc_row][vc_row][vc_column][vc_column_text] QUAND PUIS-JE SUIVRE LA FORMATION ? Pour pouvoir suivre cette formation, vous devez attendre 3 mois apr\u00e8s l&rsquo;obtention de votre permis&hellip;<\/p>\n","protected":false},"author":1,"featured_media":0,"parent":27,"menu_order":0,"comment_status":"closed","ping_status":"closed","template":"","meta":{"footnotes":""},"class_list":["post-1375","page","type-page","status-publish","hentry","description-off"],"aioseo_notices":[],"_links":{"self":[{"href":"https:\/\/auto-ecole-nevers.com\/index.php?rest_route=\/wp\/v2\/pages\/1375","targetHints":{"allow":["GET"]}}],"collection":[{"href":"https:\/\/auto-ecole-nevers.com\/index.php?rest_route=\/wp\/v2\/pages"}],"about":[{"href":"https:\/\/auto-ecole-nevers.com\/index.php?rest_route=\/wp\/v2\/types\/page"}],"author":[{"embeddable":true,"href":"https:\/\/auto-ecole-nevers.com\/index.php?rest_route=\/wp\/v2\/users\/1"}],"replies":[{"embeddable":true,"href":"https:\/\/auto-ecole-nevers.com\/index.php?rest_route=%2Fwp%2Fv2%2Fcomments&post=1375"}],"version-history":[{"count":22,"href":"https:\/\/auto-ecole-nevers.com\/index.php?rest_route=\/wp\/v2\/pages\/1375\/revisions"}],"predecessor-version":[{"id":1461,"href":"https:\/\/auto-ecole-nevers.com\/index.php?rest_route=\/wp\/v2\/pages\/1375\/revisions\/1461"}],"up":[{"embeddable":true,"href":"https:\/\/auto-ecole-nevers.com\/index.php?rest_route=\/wp\/v2\/pages\/27"}],"wp:attachment":[{"href":"https:\/\/auto-ecole-nevers.com\/index.php?rest_route=%2Fwp%2Fv2%2Fmedia&parent=1375"}],"curies":[{"name":"wp","href":"https:\/\/api.w.org\/{rel}","templated":true}]}}