{"id":1368,"date":"2023-03-18T09:55:17","date_gmt":"2023-03-18T09:55:17","guid":{"rendered":"https:\/\/auto-ecole-nevers.com\/?page_id=1368"},"modified":"2023-07-28T05:37:26","modified_gmt":"2023-07-28T05:37:26","slug":"permis-a2","status":"publish","type":"page","link":"https:\/\/auto-ecole-nevers.com\/?page_id=1368","title":{"rendered":"Permis A1-A2"},"content":{"rendered":"<p>[vc_row css=\u00a0\u00bb.vc_custom_1678722370488{margin-bottom: 20px !important;}\u00a0\u00bb][vc_column]<div id=\"ultimate-heading-500269e17e0f76d7d\" class=\"uvc-heading ult-adjust-bottom-margin ultimate-heading-500269e17e0f76d7d uvc-2852 accent-border-color uvc-heading-default-font-sizes\" data-hspacer=\"line_only\"  data-halign=\"left\" style=\"text-align:left\"><div class=\"uvc-main-heading ult-responsive\"  data-ultimate-target='.uvc-heading.ultimate-heading-500269e17e0f76d7d h2'  data-responsive-json-new='{\"font-size\":\"\",\"line-height\":\"\"}' ><h2 style=\"--font-weight:theme;\">Les cat\u00e9gories de permis<\/h2><\/div><div class=\"uvc-heading-spacer line_only\" style=\"topheight:4px;\"><span class=\"uvc-headings-line\" style=\"border-style:solid;border-bottom-width:4px;border-color:#f6f7f7;width:50px;\"><\/span><\/div><\/div>[\/vc_column][\/vc_row][vc_row][vc_column][vc_column_text]<\/p>\n<h3>PERMIS A1<\/h3>\n<ul>\n<li>Inscription \u00e0 partir de 16 ans<\/li>\n<li>V\u00e9hicule : motocyclettee avec ou sans side car :\n<ul>\n<li style=\"list-style-type: none;\">\n<ul>\n<li>Cylindr\u00e9e max : 125 cm\u00b2<\/li>\n<li>Puissance max : 11KW\/kg<\/li>\n<li>Rapport Puissance\/Poids : =&lt; \u00e0 0.1\u00a0 KW\/kg<\/li>\n<\/ul>\n<\/li>\n<\/ul>\n<\/li>\n<li>Tricycles \u00e0 moteur : puissance =&lt; 15 KW<\/li>\n<\/ul>\n<p>[\/vc_column_text][\/vc_column][\/vc_row][vc_row][vc_column][vc_column_text]<\/p>\n<h3>PERMIS A2<\/h3>\n<ul>\n<li>Inscription \u00e0 partir de 18 ans<\/li>\n<li>V\u00e9hicule : Motocyclettes avec ou sans side car :\n<ul>\n<li style=\"list-style-type: none;\">\n<ul>\n<li>Puissance =&lt; \u00e0 35KW<\/li>\n<li>Rapport Puissance\/Poids : =&lt; 0.2 KW\/kg<\/li>\n<\/ul>\n<\/li>\n<\/ul>\n<\/li>\n<\/ul>\n<p>La puisance ne peut r\u00e9sulter du bridage d&rsquo;un v\u00e9hicule d\u00e9veloppant plus de 70KW.[\/vc_column_text][\/vc_column][\/vc_row][vc_row][vc_column][vc_column_text]<\/p>\n<h3>PERMIS A<\/h3>\n<p>Pour obtenir la cat\u00e9gorie A : obligation d&rsquo;\u00eatre titulaire de la cat\u00e9gorie A2 depuis au moins deux ans et d&rsquo;avoir suivi une formation de 7 heures au sein d&rsquo;une auto-\u00e9cole.<\/p>\n<p>\u00c2ge minimum requis : 20 ans pour une moto avec ou sans side-car<\/p>\n<p>\u00c2ge minimum requis : 21 ans pour un tricycles \u00e0 moteur puissance &gt; 15 KW[\/vc_column_text][\/vc_column][\/vc_row][vc_row][vc_column]<div id=\"ultimate-heading-301369e17e0f76dbb\" class=\"uvc-heading ult-adjust-bottom-margin ultimate-heading-301369e17e0f76dbb uvc-5107 accent-border-color uvc-heading-default-font-sizes\" data-hspacer=\"line_only\"  data-halign=\"left\" style=\"text-align:left\"><div class=\"uvc-main-heading ult-responsive\"  data-ultimate-target='.uvc-heading.ultimate-heading-301369e17e0f76dbb h2'  data-responsive-json-new='{\"font-size\":\"\",\"line-height\":\"\"}' ><h2 style=\"--font-weight:theme;\">La formation THEORIQUE<\/h2><\/div><div class=\"uvc-heading-spacer line_only\" style=\"topheight:4px;\"><span class=\"uvc-headings-line\" style=\"border-style:solid;border-bottom-width:4px;border-color:;width:50px;\"><\/span><\/div><\/div>[\/vc_column][\/vc_row][vc_row][vc_column][vc_column_text]<\/p>\n<h3><strong>La formation th\u00e9orique porte sur la connaissance des r\u00e9glements concernant la circulation et la conduite d&rsquo;un v\u00e9hicule ainsi que sur le comportement du conducteur.<\/strong><\/h3>\n<p>Les cours sont dispens\u00e9s, dans les locaux de l&rsquo;\u00e9cole de conduite, par un enseignant de la conduite et de la s\u00e9curit\u00e9 routi\u00e8re titulaire d&rsquo;une autorisation d&rsquo;enseigner en cours de validit\u00e9.<\/p>\n<p>L&rsquo;entra\u00eenement au code peut \u00eatre suivi dans les locaux de l&rsquo;\u00e9cole de conduite avec un support m\u00e9dia ou avec un enseignant ou via internet.[\/vc_column_text][\/vc_column][\/vc_row][vc_row][vc_column][vc_column_text]<\/p>\n<h3>La formatioon th\u00e9orique porte sur les th\u00e9matiques suivantes :<\/h3>\n<ul>\n<li>Dispositions l\u00e9gales en mati\u00e8re de circulation routi\u00e8re.<\/li>\n<li>Le conducteur.<\/li>\n<li>La route.<\/li>\n<li>Les autres usagers de la route.<\/li>\n<li>R\u00e9glementation g\u00e9n\u00e9rale et divers.<\/li>\n<li>\u00c9l\u00e9ments m\u00e9caniques li\u00e9es \u00e0 la s\u00e9curit\u00e9.<\/li>\n<li>\u00c9quipements de prtection et autres \u00e9l\u00e9ments de s\u00e9curit\u00e9.<\/li>\n<li>R\u00e8gles d&rsquo;utilisation du v\u00e9hicule en relation avec le respect de l&rsquo;environnement.<\/li>\n<\/ul>\n<p>[\/vc_column_text][\/vc_column][\/vc_row][vc_row][vc_column]<div id=\"ultimate-heading-119469e17e0f76de4\" class=\"uvc-heading ult-adjust-bottom-margin ultimate-heading-119469e17e0f76de4 uvc-579 accent-border-color uvc-heading-default-font-sizes\" data-hspacer=\"line_only\"  data-halign=\"left\" style=\"text-align:left\"><div class=\"uvc-main-heading ult-responsive\"  data-ultimate-target='.uvc-heading.ultimate-heading-119469e17e0f76de4 h2'  data-responsive-json-new='{\"font-size\":\"\",\"line-height\":\"\"}' ><h2 style=\"--font-weight:theme;\">La formation PRATIQUE<\/h2><\/div><div class=\"uvc-heading-spacer line_only\" style=\"topheight:4px;\"><span class=\"uvc-headings-line\" style=\"border-style:solid;border-bottom-width:4px;border-color:;width:50px;\"><\/span><\/div><\/div>[\/vc_column][\/vc_row][vc_row][vc_column][vc_column_text]<\/p>\n<h3>La formation pratique porte sur la conduite d&rsquo;un v\u00e9hicule et sur la sensibilisation aux diff\u00e9rents riue de la route<\/h3>\n<p>Les 4 comp\u00e9\u00e9tences suivantes ont enseign\u00e9es t doivent \u00eatre acquises en fin de formation :<\/p>\n<ul>\n<li>Ma\u00eetriser la maniement du deux-roues motoris\u00e9,<\/li>\n<li>Appr\u00e9hender la route et circuler dans des conditions normales,<\/li>\n<li>Circuler dans des conditions difficiles et partager la route avec les autres usagers,<\/li>\n<li>Pratiquer uen conduite autonome, s\u00fbre et \u00e9conomique.<\/li>\n<\/ul>\n<p>Ces comp\u00e9tances sont traite\u00e9es en abordant les points suivants : le pouruoi, le comment, les risques, les influences de l&rsquo;entourage et du mode de vie de l&rsquo;\u00e9l\u00e8ve, les pressions exerc\u00e9es par la soci\u00e9t\u00e9 telles que la publicit\u00e9, le travail et l&rsquo;auto-\u00e9valuation.[\/vc_column_text][\/vc_column][\/vc_row][vc_row][vc_column]<div id=\"ultimate-heading-464669e17e0f76e08\" class=\"uvc-heading ult-adjust-bottom-margin ultimate-heading-464669e17e0f76e08 uvc-4857 accent-border-color uvc-heading-default-font-sizes\" data-hspacer=\"line_only\"  data-halign=\"left\" style=\"text-align:left\"><div class=\"uvc-main-heading ult-responsive\"  data-ultimate-target='.uvc-heading.ultimate-heading-464669e17e0f76e08 h2'  data-responsive-json-new='{\"font-size\":\"\",\"line-height\":\"\"}' ><h2 style=\"--font-weight:theme;\">Les \u00c9PREUVES DES PERMIS A1 ET A2<\/h2><\/div><div class=\"uvc-heading-spacer line_only\" style=\"topheight:4px;\"><span class=\"uvc-headings-line\" style=\"border-style:solid;border-bottom-width:4px;border-color:;width:50px;\"><\/span><\/div><\/div>[\/vc_column][\/vc_row][vc_row][vc_column][vc_column_text]<\/p>\n<h3>L&rsquo;Examen Th\u00e9orique Moto (ETM)<\/h3>\n<ul>\n<li>40 questions dont 10 en vid\u00e9o : 35 bonnes r\u00e9ponses pour obtenir l&rsquo;examen.<\/li>\n<li>Valable 5 ans<\/li>\n<li>dispense possible pour les titulaires du permis A1 pendant une p\u00e9riode de 5 ans apr\u00e8s l&rsquo;obtention du permis A1 par examen.<\/li>\n<\/ul>\n<p>[\/vc_column_text][\/vc_column][\/vc_row][vc_row][vc_column][vc_column_text]<\/p>\n<h3>\u00c9preuve hors circulation (plateau)<\/h3>\n<p>EXERCICE \u00c0 ALLURE R\u00c9DUITE<\/p>\n<ul>\n<li>Un exercice sans l&rsquo;aide du moteur, dit \u00ab\u00a0poussette\u00a0\u00bb qui consiste \u00e0 d\u00e9placer la moto en marche avant et arri\u00e8re entre deux portes.<\/li>\n<li>Un exercice de slalom \u00e0 faible vitesse etntre des portes et des piquets. Une partie de l&rsquo;exercice est chronom\u00e9tr\u00e9e.<\/li>\n<li>Un exercice \u00e0 faible vitesse avec la prise en charge d&rsquo;un passager.<\/li>\n<\/ul>\n<p>EXERCICE \u00c0 ALLURE PLUS \u00c9LEV\u00c9<\/p>\n<ul>\n<li>Un exercice de freinage qui consiste en un aller-retour \u00e0 une vitesse d\u00e9termin\u00e9e (radar) et se termine par un freinage, dont l&rsquo;arr\u00eat peut varier si la piste est s\u00e8che ou humide.<\/li>\n<li>Un exercice de slalom et \u00e9vitement qui constitue en un slalom entre les portes, \u00e0 une vitesse d\u00e9termin\u00e9e (radar) et se termine par un \u00e9vitement, puis un freinage.<\/li>\n<\/ul>\n<p>[\/vc_column_text][\/vc_column][\/vc_row][vc_row][vc_column][vc_column_text]<\/p>\n<h3>\u00c9preuve en circulation (circulation)<\/h3>\n<ul>\n<li>dur\u00e9e de l&rsquo;\u00e9preuve : 35 minutes.<\/li>\n<li>Des parcours les plus vari\u00e9s possibles.<\/li>\n<li>Conduite autonome durant 5 minutes.<\/li>\n<li>Arr\u00eat et red\u00e9marrage hors circulation.<\/li>\n<li>\u00c9valuation de la trajectoire de s\u00e9curit\u00e9.<\/li>\n<\/ul>\n<p>[\/vc_column_text][\/vc_column][\/vc_row][vc_row][vc_column][vc_btn title=\u00a0\u00bbUsage de la Piste\u00a0\u00bb link=\u00a0\u00bburl:https%3A%2F%2Fauto-ecole-nevers.com%2Fwp-content%2Fuploads%2F2023%2F06%2FUsage-de-la-piste.pdf|title:Usage%20de%20la%20Piste|target:_blank\u00a0\u00bb][vc_btn title=\u00a0\u00bbEvaluation de D\u00e9part\u00a0\u00bb link=\u00a0\u00bburl:https%3A%2F%2Fauto-ecole-nevers.com%2Fwp-content%2Fuploads%2F2023%2F07%2FEval-Moto.pdf|title:Usage%20de%20la%20Piste|target:_blank\u00a0\u00bb][\/vc_column][\/vc_row]<\/p>\n","protected":false},"excerpt":{"rendered":"<p>[vc_row css=\u00a0\u00bb.vc_custom_1678722370488{margin-bottom: 20px !important;}\u00a0\u00bb][vc_column][\/vc_column][\/vc_row][vc_row][vc_column][vc_column_text] PERMIS A1 Inscription \u00e0 partir de 16 ans V\u00e9hicule : motocyclettee avec ou sans side car : Cylindr\u00e9e max : 125 cm\u00b2 Puissance max : 11KW\/kg Rapport Puissance\/Poids : =&lt; \u00e0 0.1\u00a0 KW\/kg Tricycles \u00e0 moteur : puissance =&lt; 15 KW [\/vc_column_text][\/vc_column][\/vc_row][vc_row][vc_column][vc_column_text] PERMIS A2 Inscription \u00e0 partir de 18 ans V\u00e9hicule&hellip;<\/p>\n","protected":false},"author":1,"featured_media":0,"parent":27,"menu_order":0,"comment_status":"closed","ping_status":"closed","template":"","meta":{"footnotes":""},"class_list":["post-1368","page","type-page","status-publish","hentry","description-off"],"aioseo_notices":[],"_links":{"self":[{"href":"https:\/\/auto-ecole-nevers.com\/index.php?rest_route=\/wp\/v2\/pages\/1368","targetHints":{"allow":["GET"]}}],"collection":[{"href":"https:\/\/auto-ecole-nevers.com\/index.php?rest_route=\/wp\/v2\/pages"}],"about":[{"href":"https:\/\/auto-ecole-nevers.com\/index.php?rest_route=\/wp\/v2\/types\/page"}],"author":[{"embeddable":true,"href":"https:\/\/auto-ecole-nevers.com\/index.php?rest_route=\/wp\/v2\/users\/1"}],"replies":[{"embeddable":true,"href":"https:\/\/auto-ecole-nevers.com\/index.php?rest_route=%2Fwp%2Fv2%2Fcomments&post=1368"}],"version-history":[{"count":33,"href":"https:\/\/auto-ecole-nevers.com\/index.php?rest_route=\/wp\/v2\/pages\/1368\/revisions"}],"predecessor-version":[{"id":1372,"href":"https:\/\/auto-ecole-nevers.com\/index.php?rest_route=\/wp\/v2\/pages\/1368\/revisions\/1372"}],"up":[{"embeddable":true,"href":"https:\/\/auto-ecole-nevers.com\/index.php?rest_route=\/wp\/v2\/pages\/27"}],"wp:attachment":[{"href":"https:\/\/auto-ecole-nevers.com\/index.php?rest_route=%2Fwp%2Fv2%2Fmedia&parent=1368"}],"curies":[{"name":"wp","href":"https:\/\/api.w.org\/{rel}","templated":true}]}}